{"id":41676,"date":"2024-11-29T15:48:32","date_gmt":"2024-11-29T15:48:32","guid":{"rendered":"https:\/\/evotek.md\/?post_type=product&#038;p=41676"},"modified":"2024-11-29T15:54:00","modified_gmt":"2024-11-29T15:54:00","slug":"fe300d","status":"publish","type":"product","link":"https:\/\/evotek.md\/ro\/produse\/fara-categorie\/fe300d\/","title":{"rendered":"FRITEUZA ELECTRICA, 30+30 LITRI -MAKFRY-FE300D"},"content":{"rendered":"<p><strong>FRITEUZA ELECTRICA, 30+30 LITRI -MAKFRY-FE300D<\/strong><\/p>\n<p>Friteuza deschis\u0103 FE-300D: O nou\u0103 dimensiune a gustului \u0219i eficien\u021bei<\/p>\n<p>Descoperi\u021bi friteuza cu aer FE-300D pentru a v\u0103 \u00eembun\u0103t\u0103\u021bi experien\u021ba de g\u0103tit \u0219i pentru a oferi m\u00e2nc\u0103ruri delicioase. Aceast\u0103 friteuz\u0103 produs\u0103 de compania noastr\u0103 are un corp durabil \u0219i igienic \u0219i un recipient din o\u021bel inoxidabil.<\/p>\n<p>Controlul termostatic al temperaturii FE-300D permite ajust\u0103ri precise pentru a ob\u021bine rezultate perfecte la g\u0103tit. Panoul de control digital \u0219i ecranul color de 4,3 inchi asigur\u0103 u\u0219urin\u021b\u0103 \u00een utilizare. FE-300D folose\u0219te senzorul PT-100 pentru a monitoriza \u0219i regla \u00een mod continuu temperatura pentru a men\u021bine alimentele \u00een stare bun\u0103.<\/p>\n<p>Sistemul automat de filtrare a uleiului FE-300D \u00eembun\u0103t\u0103\u021be\u0219te eficien\u021ba afacerii dumneavoastr\u0103 \u0219i p\u0103streaz\u0103 calitatea uleiului. Aceast\u0103 caracteristic\u0103 prelunge\u0219te durata de via\u021b\u0103 a uleiului, reduce costurile \u0219i ofer\u0103 rezultate delicioase. Sistemul automat de filtrare asigura conditii igienice de lucru si minimizeaza timpul de intretinere.<\/p>\n<p>Caracteristici<br \/>\nEnergie: 380V 13.5x2kW 50-60Hz<br \/>\nLatime: 900 mm<br \/>\nAd\u00e2ncime: 750 mm<br \/>\nInaltime: 960 mm<br \/>\nVolum rezervor: 30&#215;2 l<br \/>\nCapacitate ulei: 18&#215;2 l<br \/>\nCapacitate de g\u0103tit: 2,5 kg \u00een 2,5 minute<br \/>\nGreutate: 153 kg (brut)<\/p>\n","protected":false},"excerpt":{"rendered":"<p>Friteuza deschisa. Energie: 380V 13.5x2kW 50-60Hz; Latime: 900 mm; Ad\u00e2ncime: 750 mm; Inaltime: 960 mm; Volum rezervor: 30&#215;2 l; Capacitate ulei: 18&#215;2 l; Capacitate de g\u0103tit: 2,5 kg \u00een 2,5 minute; Greutate: 153 kg (brut).<\/p>\n","protected":false},"featured_media":41679,"template":"","meta":[],"_links":{"self":[{"href":"https:\/\/evotek.md\/ro\/wp-json\/wp\/v2\/product\/41676"}],"collection":[{"href":"https:\/\/evotek.md\/ro\/wp-json\/wp\/v2\/product"}],"about":[{"href":"https:\/\/evotek.md\/ro\/wp-json\/wp\/v2\/types\/product"}],"wp:featuredmedia":[{"embeddable":true,"href":"https:\/\/evotek.md\/ro\/wp-json\/wp\/v2\/media\/41679"}],"wp:attachment":[{"href":"https:\/\/evotek.md\/ro\/wp-json\/wp\/v2\/media?parent=41676"}],"curies":[{"name":"wp","href":"https:\/\/api.w.org\/{rel}","templated":true}]}}