{"id":41674,"date":"2024-11-29T15:44:15","date_gmt":"2024-11-29T15:46:14","guid":{"rendered":"https:\/\/evotek.md\/?post_type=product&#038;p=41674"},"modified":"2025-01-09T07:49:54","modified_gmt":"2025-01-09T07:49:54","slug":"friteuza-cu-presiune-45-litri-makfry-1025-pd","status":"publish","type":"product","link":"https:\/\/evotek.md\/ro\/produse\/fara-categorie\/friteuza-cu-presiune-45-litri-makfry-1025-pd\/","title":{"rendered":"FRITEUZA ELECTRICA SUB PRESIUNE, 45 LITRI -MAKFRY-1025PD"},"content":{"rendered":"<p><strong>FRITEUZA ELECTRICA SUB PRESIUNE, 45 LITRI -MAKFRY-1025PD<\/strong><\/p>\n<p>Potrivit pentru utilizare intens\u0103 \u00een buc\u0103t\u0103rie: Friteuz\u0103 sub presiune 1025 PD<\/p>\n<p>Cauti echipamente cu performante ridicate si capacitate mare pentru o bucatarie profesionala? Atunci friteuza sub presiune 1025 PD este perfect\u0103 pentru tine! Acest produs fabricat de compania noastr\u0103 este lider de clas\u0103 datorit\u0103 caracteristicilor sale remarcabile \u0219i designului durabil.<\/p>\n<p>Friteuza sub presiune 1025 PD atrage aten\u021bia prin corpul \u0219i boilerul din o\u021bel inoxidabil, oferind durabilitate \u0219i propriet\u0103\u021bi igienice. O\u021belul inoxidabil este ideal pentru utilizare pe termen lung \u0219i este u\u0219or de cur\u0103\u021bat. \u00cen acest fel, nu numai c\u0103 men\u021bine\u021bi standardele de igien\u0103 ale fabricii dvs. de buc\u0103t\u0103rie, ci \u0219i beneficia\u021bi de a utiliza echipamente durabile.<\/p>\n<p>Capacul din aluminiu turnat men\u021bine \u00eenc\u0103lzirea rapid\u0103 a friteuzei cu presiune 1025 PD \u0219i ajut\u0103 la economisirea energiei. Aceast\u0103 caracteristic\u0103 v\u0103 permite s\u0103 preg\u0103ti\u021bi rapid produsul pentru utilizare \u0219i s\u0103 reduce\u021bi costurile cu energie. Ve\u021bi putea atinge temperatura ideal\u0103 de g\u0103tit \u00een cel mai scurt timp \u0219i ve\u021bi fi preg\u0103tit pentru \u00eentre\u021binere intens\u0103.<\/p>\n<p>Caracteristici<br \/>\nEnergie: 380 &#8211; 400 V 13,5 kW 50-60 Hz<br \/>\nLatime: 460 mm<br \/>\nAd\u00e2ncime: 980 mm<br \/>\nInaltime: 1120 mm<br \/>\nCapacitate rezervor: 45 l<br \/>\nCapacitate ulei: 25L<br \/>\nCapacitate de g\u0103tit: 5,5 kg \u00een 8 minute<br \/>\nGreutate: 135 kg (brut)<\/p>\n","protected":false},"excerpt":{"rendered":"<p>Friteuza cu presiune. Energie: 380 &#8211; 400 V 13,5 kW 50-60 Hz; Latime: 460 mm; Ad\u00e2ncime: 980 mm; Inaltime: 1120 mm; Capacitate rezervor: 45 l; Capacitate ulei: 25L; Capacitate de g\u0103tit: 5,5 kg \u00een 8 minute; Greutate: 135 kg (brut).<\/p>\n","protected":false},"featured_media":41673,"template":"","meta":[],"_links":{"self":[{"href":"https:\/\/evotek.md\/ro\/wp-json\/wp\/v2\/product\/41674"}],"collection":[{"href":"https:\/\/evotek.md\/ro\/wp-json\/wp\/v2\/product"}],"about":[{"href":"https:\/\/evotek.md\/ro\/wp-json\/wp\/v2\/types\/product"}],"wp:featuredmedia":[{"embeddable":true,"href":"https:\/\/evotek.md\/ro\/wp-json\/wp\/v2\/media\/41673"}],"wp:attachment":[{"href":"https:\/\/evotek.md\/ro\/wp-json\/wp\/v2\/media?parent=41674"}],"curies":[{"name":"wp","href":"https:\/\/api.w.org\/{rel}","templated":true}]}}