{"id":41669,"date":"2024-11-29T15:32:43","date_gmt":"2024-11-29T15:37:57","guid":{"rendered":"https:\/\/evotek.md\/?post_type=product&#038;p=41669"},"modified":"2024-11-29T15:38:51","modified_gmt":"2024-11-29T15:38:51","slug":"makfry-pan202","status":"publish","type":"product","link":"https:\/\/evotek.md\/ro\/produse\/fara-categorie\/makfry-pan202\/","title":{"rendered":"MASA DE LUCRU PENTRU PANE 5 kg\/1 min. -MAKFRY-PAN202"},"content":{"rendered":"<p><strong>MASA DE LUCRU PENTRU PANE 5 kg\/1 min. -MAKFRY-PAN202<\/strong><\/p>\n<p>Masa de pane Pan 202: Bucurati-va de procesul de paneare cu pierderi minime!<\/p>\n<p>\u00cen calitate de companie de echipamente industriale pentru buc\u0103t\u0103rie, oferim solu\u021bii de ultim\u0103 or\u0103 pentru a \u00eembun\u0103t\u0103\u021bi eficien\u021ba buc\u0103t\u0103riei dumneavoastr\u0103 \u0219i a crea mese delicioase. Masa de pane Pan 202 simplific\u0103 procesul de panificare\u00a0mul\u021bumit\u0103 designului s\u0103u special \u0219i caracteristicilor inovatoare, permi\u021b\u00e2ndu-v\u0103 s\u0103 ob\u021bine\u021bi rezultate excelente.<\/p>\n<p>Caracteristica principal\u0103 a mesei de p\u00e2ine Pan 202 este prezen\u021ba a 2 recipiente pentru amestecuri de diferite arome. Datorit\u0103 acestei caracteristici, pute\u021bi utiliza diferite amestecuri de dezosare \u00een acela\u0219i timp \u0219i pute\u021bi ob\u021bine mai multe arome \u00een acela\u0219i timp. Aleg\u00e2nd recipientul potrivit \u00een func\u021bie de nevoile dvs., pute\u021bi p\u00e2ine rapid \u0219i convenabil o varietate de alimente.<\/p>\n<p>Datorit\u0103 designului s\u0103u ergonomic, masa de p\u00e2ine Pan 202 este u\u0219or de utilizat. Dispozitivul\u00a0dispune de butoane ergonomice pentru a v\u0103 eficientiza munca. Comenzile convenabile ofer\u0103 un control mai precis al procesului de dezosare.<\/p>\n<p>Una dintre cele mai notabile caracteristici ale mesei de pane Pan 202 este capacitatea de a elimina rapid particulele nedorite din amestec folosind un sistem special de filtrare. Aceast\u0103 caracteristic\u0103 v\u0103 permite s\u0103 elimina\u021bi rapid particulele nedorite care pot afecta calitatea produsului. Acest lucru \u00eembun\u0103t\u0103\u021be\u0219te calitatea produsului \u0219i previne pierderile.<\/p>\n<p>\u00cen plus, designul unic al mesei de p\u00e2ine Pan 202 creeaz\u0103 un aspect modern \u0219i elegant. Adaug\u0103 o not\u0103 estetic\u0103 buc\u0103t\u0103riei tale \u0219i ajut\u0103 la crearea unei imagini profesionale. Designul ergonomic face ma\u0219ina mai u\u0219or de utilizat de c\u0103tre utilizatori \u0219i reduce volumul de munc\u0103.<\/p>\n<p>Caracteristica de panificare rapid\u0103 a Pan 202 v\u0103 permite s\u0103 economisi\u021bi timp \u0219i efort \u00een buc\u0103t\u0103rie. Cu un proces de dezosare rapid \u0219i eficient, pute\u021bi preg\u0103ti m\u00e2ncarea mai rapid \u0219i pute\u021bi servi clien\u021bii \u00een mai pu\u021bin timp.<\/p>\n<p>Caracteristici<br \/>\nEnergie: 230V 0.18kW 50-60Hz<br \/>\nLatime: 1020 mm<br \/>\nAd\u00e2ncime: 800 mm<br \/>\nInaltime: 870 mm<br \/>\nCapacitate: 5 kg in 1 minut<br \/>\nGreutate: 50 kg<\/p>\n","protected":false},"excerpt":{"rendered":"<p>Masa de lucru pentu pane. Energie: 230V 0.18kW 50-60Hz; Latime: 1020 mm; Ad\u00e2ncime: 800 mm; Inaltime: 870 mm; Capacitate: 5 kg in 1 minut; Greutate: 50 kg.<\/p>\n","protected":false},"featured_media":41668,"template":"","meta":[],"_links":{"self":[{"href":"https:\/\/evotek.md\/ro\/wp-json\/wp\/v2\/product\/41669"}],"collection":[{"href":"https:\/\/evotek.md\/ro\/wp-json\/wp\/v2\/product"}],"about":[{"href":"https:\/\/evotek.md\/ro\/wp-json\/wp\/v2\/types\/product"}],"wp:featuredmedia":[{"embeddable":true,"href":"https:\/\/evotek.md\/ro\/wp-json\/wp\/v2\/media\/41668"}],"wp:attachment":[{"href":"https:\/\/evotek.md\/ro\/wp-json\/wp\/v2\/media?parent=41669"}],"curies":[{"name":"wp","href":"https:\/\/api.w.org\/{rel}","templated":true}]}}