{"id":41657,"date":"2024-11-29T09:31:24","date_gmt":"2024-11-29T09:31:23","guid":{"rendered":"https:\/\/evotek.md\/?post_type=product&#038;p=41657"},"modified":"2024-11-29T09:46:25","modified_gmt":"2024-11-29T09:46:25","slug":"ye6040-4ml0001-000","status":"publish","type":"product","link":"https:\/\/evotek.md\/ro\/produse\/echipamente-termice\/cuptoare-cu-convectie-cuptoare\/ye6040-4ml0001-000\/","title":{"rendered":"CUPTOR CU CONVECTIE, 4 NIVELE, ELECTROMECANIC (ESSENTIAL) -YESOVENS-YE6040-4ML0001-000"},"content":{"rendered":"<p><strong>CUPTOR CU CONVECTIE, 4 NIVELE, ELECTROMECANIC (ESSENTIAL) -YESOVENS-YE6040-4ML0001-000-<\/strong> Un cuptor ciclotermic cu ventilator cu dou\u0103 fe\u021be v\u0103 permite s\u0103 g\u0103ti\u021bi alimente mai rapid \u0219i mai uniform. De asemenea, echipat cu o func\u021bie de abur (abur) pentru diverse tipuri de feluri de m\u00e2ncare. Cuptor electric pentru g\u0103tit rapid \u0219i convenabil. U\u0219or de utilizat \u0219i u\u0219or de cur\u0103\u021bat datorit\u0103 \u00eendep\u0103rt\u0103rii rapide a suporturilor din tabl\u0103 \u0219i a sticlei interioare a u\u0219ii.<br \/>\nDatorit\u0103 interfe\u021bei digitale, procesele automate de g\u0103tit pot fi dezvoltate \u0219i salvate, astfel \u00eenc\u00e2t p\u00e2n\u0103 la 99 de re\u021bete s\u0103 fie \u00eentotdeauna disponibile.<\/p>\n<p><strong>*Pentru a beneficia de garan\u021bie este obligatoriu de a fi instalat filtru DVA pentru acest echipament.<\/strong><\/p>\n<p>Caracteristici<br \/>\nLungime: 790 mm<br \/>\nAd\u00e2ncime: 770 mm<br \/>\nInaltime: 560 mm<br \/>\nGreutate neta: 56 kg<br \/>\nNumar tavi: 4 buc.<br \/>\nDimensiuni tavi: 600&#215;400 mm<br \/>\nAlimentare: 380-415V 3N 50\/60Hz<br \/>\nPutere maxima: 6,3 kW<br \/>\nCablu: 4&#215;2.5 mm<br \/>\nTemperatura: 30-270 C<br \/>\nTemperatura convectie: 30-270 C<br \/>\nTemperatura abur: 100\u00b0C la 270\u00b0C<br \/>\nStocare a p\u00e2n\u0103 la 100 de re\u021bete<br \/>\nPosibilitatea de a salva p\u00e2n\u0103 la 3 etape de g\u0103tit pentru fiecare program<\/p>\n","protected":false},"excerpt":{"rendered":"<p>Cuptor cu convec\u021bie, cu 4 nivele (electromecanic). Lungime: 790 mm; Ad\u00e2ncime: 770 mm; Inaltime: 560 mm; Greutate neta: 56 kg; Numar tavi: 4 buc.; Dimensiuni tavi: 600&#215;400 mm; Alimentare: 380-415V 3N 50\/60Hz; Putere maxima: 6,3 kW; Cablu: 4&#215;2.5 mm; Temperatura: 30-270 C; Temperatura convectie: 30-270 C; Temperatura abur: 100\u00b0C la 270\u00b0C; Stocare a p\u00e2n\u0103 la 100 de re\u021bete; Posibilitatea de a salva p\u00e2n\u0103 la 3 etape de g\u0103tit pentru fiecare program.<br \/>\n<strong>*T\u0103vile GN nu sunt incluse.<\/strong><br \/>\n<strong>*Recomand\u0103m instalarea adi\u021bional\u0103 a unui filtru DVA pentru o bun\u0103 func\u021bionare a cuptorului.<\/strong><\/p>\n","protected":false},"featured_media":41700,"template":"","meta":[],"_links":{"self":[{"href":"https:\/\/evotek.md\/ro\/wp-json\/wp\/v2\/product\/41657"}],"collection":[{"href":"https:\/\/evotek.md\/ro\/wp-json\/wp\/v2\/product"}],"about":[{"href":"https:\/\/evotek.md\/ro\/wp-json\/wp\/v2\/types\/product"}],"wp:featuredmedia":[{"embeddable":true,"href":"https:\/\/evotek.md\/ro\/wp-json\/wp\/v2\/media\/41700"}],"wp:attachment":[{"href":"https:\/\/evotek.md\/ro\/wp-json\/wp\/v2\/media?parent=41657"}],"curies":[{"name":"wp","href":"https:\/\/api.w.org\/{rel}","templated":true}]}}