{"id":41653,"date":"2024-11-29T09:01:36","date_gmt":"2024-11-29T09:01:36","guid":{"rendered":"https:\/\/evotek.md\/?post_type=product&#038;p=41653"},"modified":"2024-11-29T09:17:05","modified_gmt":"2024-11-29T09:17:05","slug":"ybk6040-4d","status":"publish","type":"product","link":"https:\/\/evotek.md\/ro\/produse\/echipamente-termice\/cuptoare-cu-convectie-cuptoare\/ybk6040-4d\/","title":{"rendered":"CUPTOR CU CONVECTIE, 4 NIVELE (ESSENTIAL) DIGITAL PLUS -YESOVENS-YBK6040-4D"},"content":{"rendered":"<p><strong>CUPTOR CU CONVECTIE, 4 NIVELE (ESSENTIAL) DIGITAL PLUS -YESOVENS-YBK6040-4D-<\/strong> Un cuptor ciclotermic cu ventilator cu dou\u0103 fe\u021be v\u0103 permite s\u0103 g\u0103ti\u021bi alimente mai rapid \u0219i mai uniform. De asemenea, echipat cu o func\u021bie de abur (abur) pentru diverse tipuri de feluri de m\u00e2ncare.<\/p>\n<p><strong>*Pentru a beneficia de garan\u021bie este obligatoriu de a fi instalat filtru DVA pentru acest echipament.<\/strong><\/p>\n<p>Caracteristici<br \/>\nLungime: 790 mm<br \/>\nAd\u00e2ncime: 770 mm<br \/>\nInaltime: 560 mm<br \/>\nGreutate neta: 50 kg<br \/>\nNumar tavi: 4 buc.<br \/>\nDimensiuni tavi: 600&#215;400 mm<br \/>\nAlimentare: 400 V-3N<br \/>\nPutere maxima: 7 kW<br \/>\nTemperatura: 30-270 C<br \/>\nTemperatura convectie: 30-270 C<br \/>\nTemperatura abur: 100\u00b0C la 270\u00b0C<br \/>\nMod de g\u0103tit manual sau programabil<br \/>\nStocare a p\u00e2n\u0103 la 100 de re\u021bete<br \/>\nPosibilitatea de a salva p\u00e2n\u0103 la 3 etape de g\u0103tit pentru fiecare program<br \/>\nReglare % umiditate de la 0% la 100%<br \/>\nTemperatura de pre\u00eenc\u0103lzire reglabil\u0103 p\u00e2n\u0103 la 270\u00b0C<br \/>\nAfi\u0219aj digital multifunc\u021bional<br \/>\nPosibilitatea de modificare a parametrilor de g\u0103tit \u00een timpul ciclului de lucru<br \/>\nEcran de afi\u0219are<br \/>\nFunc\u021bie complet abur<br \/>\nCo\u0219 dublu pentru \u00eendep\u0103rtarea for\u021bat\u0103 a umezelii (numai pentru modelele 600&#215;400)<br \/>\nInversarea automat\u0103 a rota\u021biei ventilatorului<br \/>\nM\u00e2ner ergonomic \u0219i u\u0219or<br \/>\nBaza de raft simplu detasabila<br \/>\nU\u0219\u0103 dubl\u0103 din sticl\u0103 pentru urmarire u\u0219oar\u0103 \u0219i izolare termic\u0103 ridicat\u0103<br \/>\nSistem de securitate Fanstop c\u00e2nd u\u0219a este deschis\u0103<br \/>\nL\u0103mpi cu halogen \u00een camer\u0103<\/p>\n","protected":false},"excerpt":{"rendered":"<p>Cuptor cu convec\u021bie, cu 4 nivele (digital plus). Lungime: 790 mm; Ad\u00e2ncime: 770 mm; Inaltime: 560 mm; Greutate neta: 50 kg; Numar tavi: 4 buc.; Dimensiuni tavi: 600&#215;400 mm; Alimentare: 400 V-3N; Putere maxima: 7 kW; Temperatura: 30-270 C; Temperatura convectie: 30-270 C; Temperatura abur: 100\u00b0C la 270\u00b0C; Mod de g\u0103tit manual sau programabil; Stocare a p\u00e2n\u0103 la 100 de re\u021bete; Posibilitatea de a salva p\u00e2n\u0103 la 3 etape de g\u0103tit pentru fiecare program; Reglare % umiditate de la 0% la 100%; Temperatura de pre\u00eenc\u0103lzire reglabil\u0103 p\u00e2n\u0103 la 270\u00b0C; Afi\u0219aj digital multifunc\u021bional; Posibilitatea de modificare a parametrilor de g\u0103tit \u00een timpul ciclului de lucru; Ecran de afi\u0219are; Func\u021bie complet abur; Co\u0219 dublu pentru \u00eendep\u0103rtarea for\u021bat\u0103 a umezelii (numai pentru modelele 600&#215;400); Inversarea automat\u0103 a rota\u021biei ventilatorului; M\u00e2ner ergonomic \u0219i u\u0219or; Baza de raft simplu detasabila; U\u0219\u0103 dubl\u0103 din sticl\u0103 pentru urmarire u\u0219oar\u0103 \u0219i izolare termic\u0103 ridicat\u0103; Sistem de securitate Fanstop c\u00e2nd u\u0219a este deschis\u0103; L\u0103mpi cu halogen \u00een camer\u0103.<br \/>\n<strong>*T\u0103vile GN nu sunt incluse.<\/strong><br \/>\n<strong>*Recomand\u0103m instalarea adi\u021bional\u0103 a unui filtru DVA pentru o bun\u0103 func\u021bionare a cuptorului.<\/strong><\/p>\n","protected":false},"featured_media":41650,"template":"","meta":[],"_links":{"self":[{"href":"https:\/\/evotek.md\/ro\/wp-json\/wp\/v2\/product\/41653"}],"collection":[{"href":"https:\/\/evotek.md\/ro\/wp-json\/wp\/v2\/product"}],"about":[{"href":"https:\/\/evotek.md\/ro\/wp-json\/wp\/v2\/types\/product"}],"wp:featuredmedia":[{"embeddable":true,"href":"https:\/\/evotek.md\/ro\/wp-json\/wp\/v2\/media\/41650"}],"wp:attachment":[{"href":"https:\/\/evotek.md\/ro\/wp-json\/wp\/v2\/media?parent=41653"}],"curies":[{"name":"wp","href":"https:\/\/api.w.org\/{rel}","templated":true}]}}