{"id":4164,"date":"2020-03-05T16:55:04","date_gmt":"2020-03-05T16:55:04","guid":{"rendered":"https:\/\/evotek.md\/?post_type=product&#038;p=4164"},"modified":"2020-03-05T16:55:04","modified_gmt":"2020-03-05T16:55:04","slug":"marmit-pentru-felul-intai-m-1b-2-exclusiv","status":"publish","type":"product","link":"https:\/\/evotek.md\/ro\/produse\/linii-de-distributie\/linie-deservire-exclusiv\/marmit-pentru-felul-intai-m-1b-2-exclusiv\/","title":{"rendered":"Marmit pentru felul \u00eent\u00e2i M 1B-2 Exclusiv"},"content":{"rendered":"<p>Marmit pentru \u00eenc\u0103lzirea felului \u00eent\u00e2i de bucate 1B-3 Exclusiv este folosit pentru mentinerea cald\u0103 a bucatelor preparate.<\/p>\n<p>Acest model se produce cu arz\u0103toare in form\u0103 dreptunghiular\u0103.<\/p>\n<p>Suprafa\u021ba de inc\u0103lzire \u0219i forma acestora v\u0103 permite s\u0103 folosi\u021bi vesel\u0103 cu un diametru si volum mare.<\/p>\n<p>Este posibil\u0103 completarea cu sticl\u0103 fa\u021b\u0103.<\/p>\n<p>Tip de echipament:\u00a0 Marmit pentru felul \u00eent\u00e2i<\/p>\n<p>Tensiune: 380 V.<\/p>\n<p>Putere: 9 kW.<\/p>\n<p>Num\u0103rul de arz\u0103toare: 3 buc.<\/p>\n<p>Dimensiunea arz\u0103torului: 294x415mm.<\/p>\n<p>Dimensiuni: 1600\u0445700\u04451290 mm<\/p>\n","protected":false},"excerpt":{"rendered":"<p>Linie de deservire Exclusiv. Marmit pentru felul \u00eent\u00e2i de m\u00e2ncare cu dou\u0103 arz\u0103toare de forma dreptunghiular\u0103 294x415mm. Tensiune: 380 V. Putere: 6 kW.<\/p>\n","protected":false},"featured_media":4160,"template":"","meta":[],"_links":{"self":[{"href":"https:\/\/evotek.md\/ro\/wp-json\/wp\/v2\/product\/4164"}],"collection":[{"href":"https:\/\/evotek.md\/ro\/wp-json\/wp\/v2\/product"}],"about":[{"href":"https:\/\/evotek.md\/ro\/wp-json\/wp\/v2\/types\/product"}],"wp:featuredmedia":[{"embeddable":true,"href":"https:\/\/evotek.md\/ro\/wp-json\/wp\/v2\/media\/4160"}],"wp:attachment":[{"href":"https:\/\/evotek.md\/ro\/wp-json\/wp\/v2\/media?parent=4164"}],"curies":[{"name":"wp","href":"https:\/\/api.w.org\/{rel}","templated":true}]}}