{"id":41637,"date":"2024-11-19T11:32:37","date_gmt":"2024-11-19T11:32:37","guid":{"rendered":"https:\/\/evotek.md\/?post_type=product&#038;p=41637"},"modified":"2024-11-19T11:39:08","modified_gmt":"2024-11-19T11:39:08","slug":"cbmsc1","status":"publish","type":"product","link":"https:\/\/evotek.md\/ro\/produse\/echipamente-termice\/bain-marie\/cbmsc1\/","title":{"rendered":"BAIN MARIE 1x 1\/6 GN -CASSELIN-CBMSC1"},"content":{"rendered":"<p><strong>BAIN MARIE 1x 1\/6 GN -CASSELIN-CBMSC1-<\/strong> Bain Marie realizat din otel inoxidabil.<\/p>\n<p>Caracteristici<br \/>\nBain-mari pentru sosuri: 1 x GN 1\/6 &#8211; compact<br \/>\nO\u0163el inoxidabil<br \/>\nRecipiente GN 1\/6 &#8211; adancime 200 mm<br \/>\nInclude 2 boluri din o\u021bel inoxidabil<br \/>\nComutator pornit\/oprit<br \/>\n\u00cenc\u0103lzire uscat\u0103<br \/>\nSetarea temperaturii: 40\u00b0C p\u00e2n\u0103 la 90\u00b0C<br \/>\nTermostat de siguranta in caz de supraincalzire<br \/>\nPutere: 200W \/ 230V<br \/>\nDimensiuni: L 206 x D 280 x 278 mm H<br \/>\nGreutate: 4,80 kg<\/p>\n","protected":false},"excerpt":{"rendered":"<p>Bain-marie pentru sosuri: 1 x GN 1\/6 &#8211; compact; O\u0163el inoxidabil; Recipiente GN 1\/6 &#8211; adancime 200 mm; Include 2 boluri din o\u021bel inoxidabil; Comutator pornit\/oprit<br \/>\n\u00cenc\u0103lzire uscat\u0103; Setarea temperaturii: 40\u00b0C p\u00e2n\u0103 la 90\u00b0C; Termostat de siguranta in caz de supraincalzire; Putere: 200W \/ 230V; Dimensiuni: L 206 x D 280 x 278 mm H; Greutate: 4,80 kg.<\/p>\n","protected":false},"featured_media":41639,"template":"","meta":[],"_links":{"self":[{"href":"https:\/\/evotek.md\/ro\/wp-json\/wp\/v2\/product\/41637"}],"collection":[{"href":"https:\/\/evotek.md\/ro\/wp-json\/wp\/v2\/product"}],"about":[{"href":"https:\/\/evotek.md\/ro\/wp-json\/wp\/v2\/types\/product"}],"wp:featuredmedia":[{"embeddable":true,"href":"https:\/\/evotek.md\/ro\/wp-json\/wp\/v2\/media\/41639"}],"wp:attachment":[{"href":"https:\/\/evotek.md\/ro\/wp-json\/wp\/v2\/media?parent=41637"}],"curies":[{"name":"wp","href":"https:\/\/api.w.org\/{rel}","templated":true}]}}