{"id":41624,"date":"2024-11-18T12:19:57","date_gmt":"2024-11-18T12:19:57","guid":{"rendered":"https:\/\/evotek.md\/?post_type=product&#038;p=41624"},"modified":"2024-11-18T12:36:30","modified_gmt":"2024-11-18T12:36:30","slug":"remta-bc01","status":"publish","type":"product","link":"https:\/\/evotek.md\/ro\/produse\/echipamente-pentru-fast-food\/grill-pentru-kebab\/remta-bc01\/","title":{"rendered":"CUTIT\u00a0PENTRU KEBAB CU ACUMULATOR, 100 mm -REMTA-BC01"},"content":{"rendered":"<p><strong><span style=\"font-size: 14.4px\">CUTIT\u00a0PENTRU KEBAB CU ACUMULATOR, 100 mm -REMTA-BC01<\/span><\/strong><\/p>\n<p>Este usoara si ergonomica.<br \/>\nPoate fi folosit de oricine cu sau f\u0103r\u0103 experien\u021b\u0103.<br \/>\nDatorit\u0103 ajust\u0103rii grosimii, pute\u021bi t\u0103ia doner kebab la viteza \u0219i grosimea dorite.<br \/>\nPotrivit pentru uz profesional.<br \/>\nExtrem de practic de cur\u0103\u021bat.<br \/>\nOfer\u0103 o tunsoare perfect\u0103 datorit\u0103 motorului s\u0103u puternic.<\/p>\n<p>Caracteristici<br \/>\nDimensiuni produs: 125x145x200 mm<br \/>\nGreutate: 1,5 kg<br \/>\nDiametrul lamei: 10 cm<br \/>\nPutere: 80W<\/p>\n<p><span style=\"font-size: 14.4px\">\u00a0<\/span><\/p>\n","protected":false},"excerpt":{"rendered":"<p>Cu\u021bit electric pentru kebab. Dimensiuni produs: 125x145x200 mm; Greutate: 1,5 kg; Diametrul lamei: 10 cm; Putere: 80W.<\/p>\n","protected":false},"featured_media":41627,"template":"","meta":[],"_links":{"self":[{"href":"https:\/\/evotek.md\/ro\/wp-json\/wp\/v2\/product\/41624"}],"collection":[{"href":"https:\/\/evotek.md\/ro\/wp-json\/wp\/v2\/product"}],"about":[{"href":"https:\/\/evotek.md\/ro\/wp-json\/wp\/v2\/types\/product"}],"wp:featuredmedia":[{"embeddable":true,"href":"https:\/\/evotek.md\/ro\/wp-json\/wp\/v2\/media\/41627"}],"wp:attachment":[{"href":"https:\/\/evotek.md\/ro\/wp-json\/wp\/v2\/media?parent=41624"}],"curies":[{"name":"wp","href":"https:\/\/api.w.org\/{rel}","templated":true}]}}