{"id":41620,"date":"2024-11-18T11:48:05","date_gmt":"2024-11-18T11:48:05","guid":{"rendered":"https:\/\/evotek.md\/?post_type=product&#038;p=41620"},"modified":"2024-11-18T12:06:42","modified_gmt":"2024-11-18T12:06:42","slug":"hkn-mc6","status":"publish","type":"product","link":"https:\/\/evotek.md\/ro\/produse\/echipamente-pentru-bar-si-cafea\/rasnita-de-cafea\/hkn-mc6\/","title":{"rendered":"RASNITA DE CAFEA, MANUALA 0,5 kg -HKN-MC6"},"content":{"rendered":"<p><strong>RASNITA DE CAFEA, MANUALA 0,5 kg -HKN-MC6- <\/strong>R\u00e2\u0219ni\u021b\u0103 de cafea 0,5 kg r\u00e2\u0219ni\u021ba de cafea este folosit\u0103 \u00een cafenele, baruri \u0219i restaurante pentru ob\u021binerea cafelei din boabe. Este posibil s\u0103 regla\u021bi m\u0103cinarea.<\/p>\n<p>Caracteristici<br \/>\nTip control: Manual<br \/>\nCapacitate bunc\u0103r: 0,5 kg<br \/>\nReglarea gradului de m\u0103cinare: Da<br \/>\nCuloare: bordo<br \/>\nPutere: 0,2 kW<br \/>\nTensiune: 220 V<br \/>\nLungime: 140 mm<br \/>\nLatime: 230 mm<br \/>\nInaltime: 430 mm<br \/>\nGreutate neta: 4,3 kg<br \/>\nGreutate brut\u0103: 4,8 kg<br \/>\nMaterial bunc\u0103r pentru boabe de cafea: plastic rezistent la impact<br \/>\nMaterial cu\u021bit: o\u021bel c\u0103lit<br \/>\nBunc\u0103r transparent pentru cafea m\u0103cinat\u0103<br \/>\nParametri: 230x140x430 mm<\/p>\n","protected":false},"excerpt":{"rendered":"<p>Ma\u0219in\u0103 de m\u0103run\u021bit cafea. Tip control: Manual; Capacitate bunc\u0103r: 0,5 kg; Reglarea gradului de m\u0103cinare: Da; Culoare: bordo; Putere: 0,2 kW; Tensiune: 220 V; Lungime: 140 mm; Latime: 230 mm; Inaltime: 430 mm; Greutate neta: 4,3 kg; Greutate brut\u0103: 4,8 kg; Material bunc\u0103r pentru boabe de cafea: plastic rezistent la impact; Material cu\u021bit: o\u021bel c\u0103lit; Bunc\u0103r transparent pentru cafea m\u0103cinat\u0103; Parametri: 230x140x430 mm.<\/p>\n","protected":false},"featured_media":41622,"template":"","meta":[],"_links":{"self":[{"href":"https:\/\/evotek.md\/ro\/wp-json\/wp\/v2\/product\/41620"}],"collection":[{"href":"https:\/\/evotek.md\/ro\/wp-json\/wp\/v2\/product"}],"about":[{"href":"https:\/\/evotek.md\/ro\/wp-json\/wp\/v2\/types\/product"}],"wp:featuredmedia":[{"embeddable":true,"href":"https:\/\/evotek.md\/ro\/wp-json\/wp\/v2\/media\/41622"}],"wp:attachment":[{"href":"https:\/\/evotek.md\/ro\/wp-json\/wp\/v2\/media?parent=41620"}],"curies":[{"name":"wp","href":"https:\/\/api.w.org\/{rel}","templated":true}]}}