{"id":41603,"date":"2024-11-15T15:56:46","date_gmt":"2024-11-15T15:56:45","guid":{"rendered":"https:\/\/evotek.md\/?post_type=product&#038;p=41603"},"modified":"2024-11-18T09:47:20","modified_gmt":"2024-11-18T09:47:20","slug":"m-09405029","status":"publish","type":"product","link":"https:\/\/evotek.md\/ro\/produse\/echipamente-frigorifice\/dulap-frigorific-congelare\/m-09405029\/","title":{"rendered":"DULAP CONGELATOR DIN INOX, 6 RAFTURI FIXE, 600 LITRI -M-09405029"},"content":{"rendered":"<p><strong>DULAP CONGELATOR DIN INOX, 6 RAFTURI FIXE, 600 LITRI -M-09405029<\/strong><\/p>\n<p>Descriere Congelator<br \/>\nAcest congelator profesional are o capacitate totala de 600 de litri pentru depozitarea alimentelor congelate. Datorit\u0103 dimensiunilor sale compacte, acest congelator din o\u021bel inoxidabil se va potrivi \u00een aproape orice buc\u0103t\u0103rie profesional\u0103. Cele \u0219ase rafturi asigur\u0103 spa\u021biu mai mult dec\u00e2t suficient pentru a depozita tot ce ave\u021bi nevoie. Rafturile sunt securizate \u0219i sunt prev\u0103zute cu plas\u0103 pentru a \u00eembun\u0103t\u0103\u021bi ventila\u021bia. U\u0219a este echipat\u0103 cu \u00eencuietoare pentru un plus de confort.<\/p>\n<p>Control precis al temperaturii<br \/>\nAcest congelator profesional este echipat cu un regulator electronic de temperatura si un afisaj digital. Acest lucru faciliteaz\u0103 citirea \u0219i setarea temperaturii. Ofer\u0103 o gam\u0103 larg\u0103 de temperatur\u0103 pentru a \u00eenghe\u021ba eficient alimentele. Vine cu o func\u021bie de congelare rapid\u0103 pentru a atinge rapid temperatura dorit\u0103. Datorit\u0103 izola\u021biei de protec\u021bie, congelatorul func\u021bioneaz\u0103 optim \u00een zone cu o temperatur\u0103 ambiental\u0103 constant\u0103. Agentul frigorific folosit este R290, care nu con\u021bine CFC. Pute\u021bi regla direc\u021bia \u00een care se deschide u\u0219a. A fost proiectat cu dou\u0103 picioare din fa\u021b\u0103 reglabile \u0219i dou\u0103 ro\u021bi din spate care permit o mobilitate u\u0219oar\u0103 atunci c\u00e2nd este necesar.<\/p>\n<p>Usor de curatat<br \/>\nAcest congelator are un corp din o\u021bel inoxidabil pentru o cur\u0103\u021bare u\u0219oar\u0103. Pentru a cur\u0103\u021ba exteriorul, utiliza\u021bi pur \u0219i simplu o c\u00e2rp\u0103 umed\u0103 \u0219i un detergent u\u0219or. Interiorul poate fi cur\u0103\u021bat dup\u0103 dezghe\u021barea congelatorului. Pentru a dezghe\u021ba, scoate\u021bi toate articolele \u0219i deconecta\u021bi congelatorul. Pentru a accelera dezghe\u021barea, \u00eendep\u0103rta\u021bi cu grij\u0103 ghea\u021ba cu o raclet\u0103 de ghea\u021b\u0103 din plastic. Dup\u0103 cur\u0103\u021barea cu ap\u0103 cald\u0103 \u0219i o c\u00e2rp\u0103 moale, usca\u021bi bine congelatorul \u00eenainte de a-l porni din nou.<\/p>\n<p>Caracteristici<br \/>\nGreutate neta: 92 kg<br \/>\nVolum net: 580 l<br \/>\nDimensiuni exterioare (LAx:ADxIN): 780x700x1900 mm<br \/>\nDimensiuni interioare (LAx:ADxIN): 650x580x1660 mm<br \/>\nConexiune: 230 V \/ 50 Hz \/ 1 faza 450 W<br \/>\nAgent frigorific R290, f\u0103r\u0103 CFC<br \/>\nTemperatura ambientala maxima 30\u00b0C<br \/>\nIzola\u021bie de protec\u021bie compact\u0103 de 5,6 cm<br \/>\nInterval de temperatur\u0103: -18 p\u00e2n\u0103 la -25\u00b0C<br \/>\n\u0218ase rafturi (LAx:AD): 608&#215;526 mm<\/p>\n","protected":false},"excerpt":{"rendered":"<p>Dulap congelator 600 l. Greutate neta: 92 kg; Volum net: 580 l; Dimensiuni exterioare (LAx:ADxIN): 780x700x1900 mm; Dimensiuni interioare (LAx:ADxIN): 650x580x1660 mm; Conexiune: 230 V \/ 50 Hz \/ 1 faza 450 W; Agent frigorific R290, f\u0103r\u0103 CFC; Temperatura ambientala maxima 30\u00b0C; Izola\u021bie de protec\u021bie compact\u0103 de 5,6 cm; Interval de temperatur\u0103: -18 p\u00e2n\u0103 la -25\u00b0C; \u0218ase rafturi (LAx:AD): 608&#215;526 mm.<\/p>\n","protected":false},"featured_media":41613,"template":"","meta":[],"_links":{"self":[{"href":"https:\/\/evotek.md\/ro\/wp-json\/wp\/v2\/product\/41603"}],"collection":[{"href":"https:\/\/evotek.md\/ro\/wp-json\/wp\/v2\/product"}],"about":[{"href":"https:\/\/evotek.md\/ro\/wp-json\/wp\/v2\/types\/product"}],"wp:featuredmedia":[{"embeddable":true,"href":"https:\/\/evotek.md\/ro\/wp-json\/wp\/v2\/media\/41613"}],"wp:attachment":[{"href":"https:\/\/evotek.md\/ro\/wp-json\/wp\/v2\/media?parent=41603"}],"curies":[{"name":"wp","href":"https:\/\/api.w.org\/{rel}","templated":true}]}}