{"id":41597,"date":"2024-11-15T15:36:21","date_gmt":"2024-11-15T15:36:21","guid":{"rendered":"https:\/\/evotek.md\/?post_type=product&#038;p=41597"},"modified":"2024-11-15T15:42:14","modified_gmt":"2024-11-15T15:42:14","slug":"m-08400200","status":"publish","type":"product","link":"https:\/\/evotek.md\/ro\/produse\/echipamente-pentru-bar-si-cafea\/blendere-echipamente-pentru-bar\/m-08400200\/","title":{"rendered":"BLENDER STICK 180 mm -M-08400200"},"content":{"rendered":"<p><strong>BLENDER IMMERSION 180 mm -M-08400200<\/strong><\/p>\n<p>Model ergonomic<br \/>\nUn blender de imersie necesit\u0103 putere pentru a func\u021biona, \u00een special cu ingrediente dure sau groase. De aceea, acest blender cu imersie are un m\u00e2ner durabil \u0219i un design ergonomic. \u00cenveli\u0219ul de cauciuc asigur\u0103 o prindere sigur\u0103 \u0219i \u00eempiedic\u0103 blenderul de imersie s\u0103 v\u0103 alunece din m\u00e2ini \u0219i s\u0103 cad\u0103 \u00een m\u00e2ncare. Exist\u0103 un afi\u0219aj digital pe partea din fa\u021b\u0103 a m\u00e2nerului unde pute\u021bi seta cu u\u0219urin\u021b\u0103 viteza dorit\u0103. Exist\u0103 un buton de pornire\/oprire pe partea lateral\u0103 a m\u00e2nerului, astfel \u00eenc\u00e2t s\u0103 pute\u021bi opera blenderul de imersie cu o singur\u0103 m\u00e2n\u0103.<\/p>\n<p>Diverse viteze<br \/>\nAcest model de blender de imersie are o vitez\u0103 de la 4000 la 18000 rpm. Acest lucru v\u0103 permite s\u0103 t\u0103ia\u021bi rapid m\u00e2ncarea. Blenderul de imersie are 8 viteze pe care le pute\u021bi seta folosind butoanele plus \u0219i minus. Afi\u0219ajul digital arat\u0103 clar ce vitez\u0103 este selectat\u0103. \u00cen timp ce amesteca\u021bi, fr\u0103m\u00e2nta\u021bi sau toca\u021bi, pute\u021bi regla cu u\u0219urin\u021b\u0103 viteza \u00een sus sau \u00een jos.<\/p>\n<p>Ad\u00e2ncimea de introducere a tijei<br \/>\nBlenderul are un ax din o\u021bel inoxidabil \u0219i aluminiu cu lame ascu\u021bite. Linia de pe tij\u0103 indic\u0103 ad\u00e2ncimea de introducere de 15 cm. Este important s\u0103 nu introduce\u021bi tija mai ad\u00e2nc dec\u00e2t linia, altfel alimentele pot p\u0103trunde \u00een motor \u0219i pot provoca un scurtcircuit. Pute\u021bi \u00een\u0219uruba cu u\u0219urin\u021b\u0103 tija la m\u00e2ner.<\/p>\n<p>Cur\u0103\u021barea blenderului de m\u00e2n\u0103<br \/>\nEste important s\u0103 v\u0103 sp\u0103la\u021bi bine blenderul dup\u0103 fiecare utilizare, deoarece nu dori\u021bi s\u0103 r\u0103m\u00e2n\u0103 reziduuri alimentare pe lame. C\u00e2nd a\u021bi terminat, l\u0103sa\u021bi blenderul de imersie s\u0103 se r\u0103ceasc\u0103 \u00eentr-un vas cu ap\u0103. Acest lucru se datoreaz\u0103 faptului c\u0103 piciorul duzei se \u00eenc\u0103lze\u0219te rapid \u00een timpul utiliz\u0103rii. Ad\u0103uga\u021bi un amestec de ap\u0103 fierbinte \u0219i detergent u\u0219or \u00eentr-un bol. Apoi rula\u021bi blenderul pentru scurt timp pentru a \u00eendep\u0103rta orice particule de m\u00e2ncare de pe lame. Scoate\u021bi \u0219techerul din priz\u0103 \u0219i de\u0219uruba\u021bi tija. Cur\u0103\u021ba\u021bi blenderul \u00een sine cu o c\u00e2rp\u0103 umed\u0103. Apoi pute\u021bi usca bine tija \u0219i baza cu o c\u00e2rp\u0103 uscat\u0103. Ave\u021bi grij\u0103 c\u00e2nd cur\u0103\u021ba\u021bi \u0219i usca\u021bi lamele ascu\u021bite. De asemenea, asigura\u021bi-v\u0103 c\u0103 m\u00e2nerul cu motorul nu intr\u0103 \u00een contact cu apa.<\/p>\n<p>Caracteristici<br \/>\nGreutate neta: 1,35 kg<br \/>\nViteza: 4000-8000 rpm<br \/>\nAd\u00e2ncimea de insertie a tijei: 15 cm<br \/>\nDiametrul duzei: \u2205 6 cm<br \/>\nDimensiuni (LaxAdxIn): 440x70x70 mm<br \/>\nConexiune: 230 V \/ 50 Hz \/ 1 faza 220 W<br \/>\nProtectie la suprasarcina termica<br \/>\nTij\u0103 din o\u021bel inoxidabil \u0219i aluminiu<br \/>\nM\u00e2ner antiderapant<br \/>\nOpt viteze reglabile<br \/>\nAfi\u0219aj digital<\/p>\n","protected":false},"excerpt":{"rendered":"<p>Blender stick. Greutate neta: 1,28 kg; Viteza: 4000-8000 rpm; Ad\u00e2ncimea de introducere a tijei: 12 cm; Diametrul duzei: \u2205 6 cm; Dimensiuni (LaxAdxIn): 410x70x70 mm; Conexiune: 230 V \/ 50 Hz \/ 1 faza 220 W; Protectie la suprasarcina termica; Tij\u0103 din o\u021bel inoxidabil \u0219i aluminiu; M\u00e2ner antiderapant; Opt viteze reglabile; Afi\u0219aj digital.<\/p>\n","protected":false},"featured_media":41599,"template":"","meta":[],"_links":{"self":[{"href":"https:\/\/evotek.md\/ro\/wp-json\/wp\/v2\/product\/41597"}],"collection":[{"href":"https:\/\/evotek.md\/ro\/wp-json\/wp\/v2\/product"}],"about":[{"href":"https:\/\/evotek.md\/ro\/wp-json\/wp\/v2\/types\/product"}],"wp:featuredmedia":[{"embeddable":true,"href":"https:\/\/evotek.md\/ro\/wp-json\/wp\/v2\/media\/41599"}],"wp:attachment":[{"href":"https:\/\/evotek.md\/ro\/wp-json\/wp\/v2\/media?parent=41597"}],"curies":[{"name":"wp","href":"https:\/\/api.w.org\/{rel}","templated":true}]}}