{"id":41579,"date":"2024-11-15T15:23:31","date_gmt":"2024-11-15T15:23:31","guid":{"rendered":"https:\/\/evotek.md\/?post_type=product&#038;p=41579"},"modified":"2024-11-15T15:41:22","modified_gmt":"2024-11-15T15:41:22","slug":"m-08400100","status":"publish","type":"product","link":"https:\/\/evotek.md\/ro\/produse\/echipamente-pentru-bar-si-cafea\/blendere-echipamente-pentru-bar\/m-08400100\/","title":{"rendered":"BLENDER STICK 150 mm -M-08400100"},"content":{"rendered":"<p><strong>BLENDER STICK 150 mm -M-08400100-<\/strong> Acest blender mic are o lungime a axului de 15 cm \u0219i o ad\u00e2ncime de introducere de 12 cm. Acest lucru \u00eel face potrivit at\u00e2t pentru buc\u0103t\u0103riile profesionale, c\u00e2t \u0219i pentru consumatorii obi\u0219nui\u021bi. Dimensiunea sa il face usor de utilizat si nu ocupa prea mult spatiu atunci cand este depozitat.<\/p>\n<p>Se face piure, se bate \u0219i se toac\u0103<br \/>\nAcest blender de imersie este multifunc\u021bional. Poate fi folosit pentru a face piure de sosuri de paste proaspete sau cartofi f\u0103r\u0103 a l\u0103sa cocoloa\u0219e. Este potrivit si pentru tocat legumele, fructele sau carnea in bucati mai mici sau pentru frisca. Acest aparat versatil este un adev\u0103rat atu \u00een orice buc\u0103t\u0103rie. Ad\u00e2ncimea tijei este de 12 cm \u0219i este marcat\u0103 clar de o linie pe ax. Asigura\u021bi-v\u0103 c\u0103 nu \u00eel introduce\u021bi mai ad\u00e2nc, deoarece umezeala poate p\u0103trunde \u00een motor \u0219i poate provoca scurtcircuitarea acestuia. De asemenea, asigura\u021bi-v\u0103 c\u0103 stiloul nu se ud\u0103.<\/p>\n<p>Opt viteze<br \/>\nMotorul puternic al acestui blender cu imersie are 8 viteze reglabile. Pute\u021bi regla cu u\u0219urin\u021b\u0103 viteza folosind butoanele plus \u0219i minus de pe blender. Afi\u0219ajul digital arat\u0103 clar ce vitez\u0103 este selectat\u0103. Exist\u0103 un buton pornit\/oprit pe partea lateral\u0103 a m\u00e2nerului. Ap\u0103sa\u021bi acest buton \u00een timp ce face\u021bi piure, bate\u021bi sau amesteca\u021bi, iar lamele vor \u00eencepe s\u0103 se roteasc\u0103. C\u00e2nd elibera\u021bi butonul, blenderul de m\u00e2n\u0103 se va opri imediat.<\/p>\n<p>Model ergonomic<br \/>\nPentru o func\u021bionare \u00een siguran\u021b\u0103, este important s\u0103 \u021bine\u021bi corect blenderul. De aceea, acest blender are un m\u00e2ner ergonomic care se potrive\u0219te confortabil \u00een m\u00e2n\u0103. M\u00e2nerul are un strat de cauciuc care asigur\u0103 o prindere sigur\u0103 a blenderului \u0219i \u00eempiedic\u0103 alunecarea acestuia din m\u00e2ini. Motorul are o carcas\u0103 din plastic cu orificii de ventila\u021bie pentru a disipa c\u0103ldura. Motorul este echipat si cu protectie termica la suprasarcina.<\/p>\n<p>Cur\u0103\u021barea blenderului de m\u00e2n\u0103<br \/>\nCur\u0103\u021barea temeinic\u0103 a blenderului dup\u0103 fiecare utilizare este important\u0103 pentru a evita reziduurile de alimente pe lame. L\u0103sa\u021bi piciorul blenderului s\u0103 se r\u0103ceasc\u0103 pe m\u0103sur\u0103 ce devine fierbinte \u00een timpul utiliz\u0103rii. Umple\u021bi un vas cu ap\u0103 \u0219i detergent u\u0219or \u0219i pune\u021bi tija blenderului \u00een vas. Apoi porni\u021bi blenderul pentru scurt timp; aceasta va elimina orice hran\u0103 r\u0103mas\u0103 de pe lame. Deconecta\u021bi cablul de alimentare \u0219i de\u0219uruba\u021bi arborele. Cur\u0103\u021ba\u021bi baza cu o c\u00e2rp\u0103 umed\u0103 \u0219i usca\u021bi bine tija cu o c\u00e2rp\u0103 uscat\u0103. Ave\u021bi grij\u0103 c\u00e2nd usca\u021bi aparatul, deoarece lamele sunt foarte ascu\u021bite.<\/p>\n<p>Caracteristici<br \/>\nGreutate neta: 1,28 kg<br \/>\nViteza: 4000-8000 rpm<br \/>\nAd\u00e2ncimea de insertie a tijei: 12 cm<br \/>\nDiametrul duzei: \u2205 6 cm<br \/>\nDimensiuni (LaxAdxIn): 410x70x70 mm<br \/>\nConexiune: 230 V \/ 50 Hz \/ 1 faza 220 W<br \/>\nProtectie la suprasarcina termica<br \/>\nTij\u0103 din o\u021bel inoxidabil \u0219i aluminiu<br \/>\nM\u00e2ner antiderapant<br \/>\nOpt viteze reglabile<br \/>\nAfi\u0219aj digital<\/p>\n","protected":false},"excerpt":{"rendered":"<p>Blender. Greutate neta: 1,28 kg; Viteza: 4000-8000 rpm; Ad\u00e2ncimea de insertie a tijei: 12 cm; Diametrul duzei: \u2205 6 cm; Dimensiuni (LaxAdxIn): 410x70x70 mm; Conexiune: 230 V \/ 50 Hz \/ 1 faza 220 W; Protectie la suprasarcina termica; Tij\u0103 din o\u021bel inoxidabil \u0219i aluminiu; M\u00e2ner antiderapant; Opt viteze reglabile; Afi\u0219aj digital.<\/p>\n","protected":false},"featured_media":8541,"template":"","meta":[],"_links":{"self":[{"href":"https:\/\/evotek.md\/ro\/wp-json\/wp\/v2\/product\/41579"}],"collection":[{"href":"https:\/\/evotek.md\/ro\/wp-json\/wp\/v2\/product"}],"about":[{"href":"https:\/\/evotek.md\/ro\/wp-json\/wp\/v2\/types\/product"}],"wp:featuredmedia":[{"embeddable":true,"href":"https:\/\/evotek.md\/ro\/wp-json\/wp\/v2\/media\/8541"}],"wp:attachment":[{"href":"https:\/\/evotek.md\/ro\/wp-json\/wp\/v2\/media?parent=41579"}],"curies":[{"name":"wp","href":"https:\/\/api.w.org\/{rel}","templated":true}]}}