{"id":41571,"date":"2024-11-14T13:56:41","date_gmt":"2024-11-14T13:56:41","guid":{"rendered":"https:\/\/evotek.md\/?post_type=product&#038;p=41571"},"modified":"2024-11-14T14:05:45","modified_gmt":"2024-11-14T14:05:45","slug":"st-882161","status":"publish","type":"product","link":"https:\/\/evotek.md\/ro\/produse\/echipamente-frigorifice\/dulapuri-frigorifice-pentru-bar\/st-882161\/","title":{"rendered":"DULAP FRIGORIFIC PENTRU BAR, 2 USI GLISANTE 202 LITRI -ST-882161"},"content":{"rendered":"<p><strong>DULAP FRIGORIFIC PENTRU BAR, 2 USI GLISANTE 202 LITRI -ST-882161<\/strong>&#8211; Dulapul frigorific este utilizat \u00een baruri, restaurante, cafenele pentru depozitarea \u0219i expunerea b\u0103uturilor. Poate fi \u00eencorporat \u00eentr-o tejghea de bar.<\/p>\n<p>Caracteristici<br \/>\nVolum: 202 litri<br \/>\nU\u0219i: glisante din sticl\u0103<br \/>\nMaterial carcasa: otel vopsit<br \/>\nTemperatura: +2..+8\u00b0\u0421<br \/>\nTensiune: 220 V<br \/>\nPutere: 0,28 kW<br \/>\nDimensiuni: 900x535x870 mm<br \/>\nGreutate: 85 kg<br \/>\nDezghe\u021bare automat\u0103<br \/>\nR\u0103cire dinamic\u0103<br \/>\nGarnitura magnetic\u0103 a u\u0219ii asigur\u0103 etan\u0219area complet\u0103<br \/>\nUsi cu inchidere automata cu incuietoare<br \/>\nIluminarea volumului interior al dulapului ofer\u0103 o prezentare spectaculoas\u0103 a m\u0103rfurilor<br \/>\nSistem de eliminare a condensului f\u0103r\u0103 \u00eentre\u021binere<br \/>\nUnitate electronic\u0103 de control al temperaturii cu afi\u0219aj<br \/>\n4 rafturi reglabile pe inaltime<\/p>\n","protected":false},"excerpt":{"rendered":"<p>Dulap frigorific pentru bar. Volum: 202 litri; U\u0219i: glisante din sticl\u0103; Material carcasa: otel vopsit; Temperatura: +2..+8\u00b0\u0421; Tensiune: 220 V; Putere: 0,28 kW; Dimensiuni: 900x535x870 mm; Greutate: 85 kg; Dezghe\u021bare automat\u0103; R\u0103cire dinamic\u0103; Garnitura magnetic\u0103 a u\u0219ii asigur\u0103 etan\u0219area complet\u0103; Usi cu inchidere automata cu incuietoare; Iluminarea volumului interior al dulapului ofer\u0103 o prezentare spectaculoas\u0103 a m\u0103rfurilor; Sistem de eliminare a condensului f\u0103r\u0103 \u00eentre\u021binere; Unitate electronic\u0103 de control al temperaturii cu afi\u0219aj; 4 rafturi reglabile pe inaltime.<\/p>\n","protected":false},"featured_media":41574,"template":"","meta":[],"_links":{"self":[{"href":"https:\/\/evotek.md\/ro\/wp-json\/wp\/v2\/product\/41571"}],"collection":[{"href":"https:\/\/evotek.md\/ro\/wp-json\/wp\/v2\/product"}],"about":[{"href":"https:\/\/evotek.md\/ro\/wp-json\/wp\/v2\/types\/product"}],"wp:featuredmedia":[{"embeddable":true,"href":"https:\/\/evotek.md\/ro\/wp-json\/wp\/v2\/media\/41574"}],"wp:attachment":[{"href":"https:\/\/evotek.md\/ro\/wp-json\/wp\/v2\/media?parent=41571"}],"curies":[{"name":"wp","href":"https:\/\/api.w.org\/{rel}","templated":true}]}}