{"id":41566,"date":"2024-11-14T08:58:38","date_gmt":"2024-11-14T08:58:38","guid":{"rendered":"https:\/\/evotek.md\/?post_type=product&#038;p=41566"},"modified":"2024-11-14T09:03:54","modified_gmt":"2024-11-14T09:03:54","slug":"ugolini-a19","status":"publish","type":"product","link":"https:\/\/evotek.md\/ro\/produse\/echipamente-frigorifice\/racitor-de-sucuri-2\/ugolini-a19\/","title":{"rendered":"RACITOR DE SUC, 1 RECIPIENT 19 LITRI -UGOLINI-A19"},"content":{"rendered":"<p><strong>RACITOR DE SUC, 1 RECIPIENT 19 LITRI -UGOLINI-A19-<\/strong> Dozator de suc cu rezervor de 19 litri. Un dispozitiv de mas\u0103 care serve\u0219te ca r\u0103citor \u0219i distribuitor pentru suc de fructe. Procesele tehnice speciale garanteaz\u0103 amestecarea perfect\u0103 chiar \u0219i cu cele mai delicate b\u0103uturi. Toate p\u0103r\u021bile \u00een contact cu b\u0103utura pot fi \u00eendep\u0103rtate cu u\u0219urin\u021b\u0103 pentru o cur\u0103\u021bare perfect\u0103.<\/p>\n<p>Caracteristici<br \/>\nPotrivit pentru sucuri naturale sau cu pulp\u0103<br \/>\n1 rezervor<br \/>\nCapacitate: 1 x 19 litri<br \/>\nDimensiuni: 320x420x 720 mm<br \/>\nPutere de racire: 0,300 kW<br \/>\nPutere: 230\/1\/50Hz<br \/>\nGreutate: 20 kg<\/p>\n","protected":false},"excerpt":{"rendered":"<div>Racitor de suc cu 1 recipient de 19 litri. Potrivit pentru sucuri naturale sau cu pulp\u0103; Dimensiuni: 320x420x 720 mm; Putere de racire: 0,300 kW; Putere: 230\/1\/50Hz; Greutate: 20 kg.<\/div>\n","protected":false},"featured_media":41569,"template":"","meta":[],"_links":{"self":[{"href":"https:\/\/evotek.md\/ro\/wp-json\/wp\/v2\/product\/41566"}],"collection":[{"href":"https:\/\/evotek.md\/ro\/wp-json\/wp\/v2\/product"}],"about":[{"href":"https:\/\/evotek.md\/ro\/wp-json\/wp\/v2\/types\/product"}],"wp:featuredmedia":[{"embeddable":true,"href":"https:\/\/evotek.md\/ro\/wp-json\/wp\/v2\/media\/41569"}],"wp:attachment":[{"href":"https:\/\/evotek.md\/ro\/wp-json\/wp\/v2\/media?parent=41566"}],"curies":[{"name":"wp","href":"https:\/\/api.w.org\/{rel}","templated":true}]}}