{"id":41554,"date":"2024-11-11T15:41:47","date_gmt":"2024-11-11T15:41:47","guid":{"rendered":"https:\/\/evotek.md\/?post_type=product&#038;p=41554"},"modified":"2024-11-11T15:51:22","modified_gmt":"2024-11-11T15:51:22","slug":"ottoman-otx-bkpatbek","status":"publish","type":"product","link":"https:\/\/evotek.md\/ro\/produse\/echipamente-pentru-fast-food\/friteuze-2\/ottoman-otx-bkpatbek\/","title":{"rendered":"STATIE PENTRU CARTOFI PAI -OTTOMAN-OTX-BKPATBEK"},"content":{"rendered":"<p><strong>STATIE PENTRU CARTOFI PAI -OTTOMAN-OTX-BKPATBEK<\/strong><\/p>\n<p>Caracteristici<br \/>\n4 l\u0103mpi pentru \u00eenc\u0103lzirea alimentelor<br \/>\nCompartiment pentru s\u0103rare cartofi<br \/>\nPotrivit pentru GN<br \/>\nZona de ambalare a cartofilor<br \/>\nCapac frontal<\/p>\n","protected":false},"excerpt":{"rendered":"<p>Statie pentru cartofi pai. 4 l\u0103mpi pentru \u00eenc\u0103lzirea alimentelor; Compartiment pentru s\u0103rare cartofi; Potrivit pentru GN; Zona de ambalare a cartofilor; Capac frontal.<\/p>\n","protected":false},"featured_media":41559,"template":"","meta":[],"_links":{"self":[{"href":"https:\/\/evotek.md\/ro\/wp-json\/wp\/v2\/product\/41554"}],"collection":[{"href":"https:\/\/evotek.md\/ro\/wp-json\/wp\/v2\/product"}],"about":[{"href":"https:\/\/evotek.md\/ro\/wp-json\/wp\/v2\/types\/product"}],"wp:featuredmedia":[{"embeddable":true,"href":"https:\/\/evotek.md\/ro\/wp-json\/wp\/v2\/media\/41559"}],"wp:attachment":[{"href":"https:\/\/evotek.md\/ro\/wp-json\/wp\/v2\/media?parent=41554"}],"curies":[{"name":"wp","href":"https:\/\/api.w.org\/{rel}","templated":true}]}}