{"id":41544,"date":"2024-11-11T14:58:58","date_gmt":"2024-11-11T14:58:58","guid":{"rendered":"https:\/\/evotek.md\/?post_type=product&#038;p=41544"},"modified":"2024-11-11T16:02:04","modified_gmt":"2024-11-11T16:02:04","slug":"otx-presiune","status":"publish","type":"product","link":"https:\/\/evotek.md\/ro\/produse\/echipamente-pentru-fast-food\/friteuze-2\/otx-presiune\/","title":{"rendered":"FRUTEUTA ELECTRICA SUB PRESIUNE, 45 LITRI-OTTOMAN-OTX-PRESIUNE"},"content":{"rendered":"<p><strong>FRUTEUTA ELECTRICA SUB PRESIUNE, 45 LITRI-OTTOMAN-OTX-PRESIUNE<\/strong>&#8211; Friteuza se foloseste in catering si comert cu amanuntul pentru gatirea diverselor tipuri de produse in ulei incalzit (prajire).<\/p>\n<p>Caracteristici<br \/>\nParametri: 550x960x910 mm<br \/>\nGreutate: 170 kg<br \/>\nConexiune: 18 Kw\/ 380 V<br \/>\nCapacitate: 45 litri<br \/>\nAfi\u0219aj digital 16&#215;9 cu control<br \/>\n10 programe diferite<br \/>\nSistem automat de eliberare a presiunii \u00een cazul bloc\u0103rii presiunii<br \/>\nSistem automat de ulei<br \/>\nTav\u0103 superioar\u0103 1,5 mm &#8211; Bunc\u0103r din o\u021bel inoxidabil 304 3 mm<br \/>\nSistem de avertizare sonora si vizuala<br \/>\nSistem automat de filtrare a uleiului<br \/>\nSistem de g\u0103tit multifunc\u021bional: \u00cen func\u021bie de produsul care este g\u0103tit, produsul \u00eencepe s\u0103 g\u0103teasc\u0103 la cea mai ridicat\u0103 temperatur\u0103 setat\u0103. Ulterior temperatura este cobor\u00e2t\u0103 pentru a asigura o g\u0103tire uniform\u0103 \u0219i bun\u0103.<\/p>\n","protected":false},"excerpt":{"rendered":"<p>Friteuz\u0103 electric\u0103. Parametri: 550x960x910 mm; Greutate: 170 kg; Conexiune: 18 Kw\/ 380 V; Capacitate: 45 litri; Afi\u0219aj digital 16&#215;9 cu control; 10 programe diferite; Sistem automat de eliberare a presiunii \u00een cazul bloc\u0103rii presiunii; Sistem automat de ulei; Tav\u0103 superioar\u0103 1,5 mm &#8211; Bunc\u0103r din o\u021bel inoxidabil 304 3 mm; Sistem de avertizare sonora si vizuala; Sistem automat de filtrare a uleiului; Sistem de g\u0103tit multifunc\u021bional: \u00cen func\u021bie de produsul care este g\u0103tit, produsul \u00eencepe s\u0103 g\u0103teasc\u0103 la cea mai ridicat\u0103 temperatur\u0103 setat\u0103. Ulterior temperatura este cobor\u00e2t\u0103 pentru a asigura o g\u0103tire uniform\u0103 \u0219i bun\u0103.<\/p>\n","protected":false},"featured_media":41562,"template":"","meta":[],"_links":{"self":[{"href":"https:\/\/evotek.md\/ro\/wp-json\/wp\/v2\/product\/41544"}],"collection":[{"href":"https:\/\/evotek.md\/ro\/wp-json\/wp\/v2\/product"}],"about":[{"href":"https:\/\/evotek.md\/ro\/wp-json\/wp\/v2\/types\/product"}],"wp:featuredmedia":[{"embeddable":true,"href":"https:\/\/evotek.md\/ro\/wp-json\/wp\/v2\/media\/41562"}],"wp:attachment":[{"href":"https:\/\/evotek.md\/ro\/wp-json\/wp\/v2\/media?parent=41544"}],"curies":[{"name":"wp","href":"https:\/\/api.w.org\/{rel}","templated":true}]}}