{"id":41540,"date":"2024-11-11T14:41:41","date_gmt":"2024-11-11T14:41:41","guid":{"rendered":"https:\/\/evotek.md\/?post_type=product&#038;p=41540"},"modified":"2024-11-11T14:45:59","modified_gmt":"2024-11-11T14:45:59","slug":"vn14-m","status":"publish","type":"product","link":"https:\/\/evotek.md\/ro\/produse\/echipamente-frigorifice\/dulapuri-frigorifice\/vn14-m\/","title":{"rendered":"DULAP FRIGORIFIC, 2 USI, 1400 LITRI -FRENOX-VN14-M"},"content":{"rendered":"<p><strong>DULAP FRIGORIFIC, 2 USI, 1400 LITRI -FRENOX-VN14-M-<\/strong> creeaza conditii optime pentru pastrarea alimentelor racite in bucatariile si incaperile utilitare ale unitatilor de alimentatie publica, in depozitele atelierelor de productie etc. Pentru u\u0219urin\u021b\u0103 \u00een utilizare, modelul este echipat cu un sistem de control electronic.<\/p>\n<p>Corpul dulapului este realizat din o\u021bel inoxidabil AISI 304 SBB, volumul interior este din AISI 304 2B.<\/p>\n<p>Caracteristici<br \/>\nInterval de temperatur\u0103: -2 p\u00e2n\u0103 la 8 \u00b0C<br \/>\nVolum: 1400 l<br \/>\nR\u0103cire: dinamic\u0103<br \/>\nUnitate frigorific\u0103 \u00eencorporat\u0103<br \/>\nTemperatura medie<br \/>\nUsa oarba<br \/>\nTensiune: 220 V<br \/>\nConsum de energie: 0,44 kW\/h<br \/>\nLatime: 1400 mm<br \/>\nAd\u00e2ncime: 810 mm<br \/>\nInaltime: 2050 mm<br \/>\nGreutate: (fara ambalaj) 175 kg<br \/>\nCuloare: otel inoxidabil<br \/>\nEvaporator automat<br \/>\nDezghe\u021bare automat\u0103<br \/>\nAgen\u021bi frigorifici: R 134 \u0219i R 404<br \/>\nFunc\u021bioneaz\u0103 la 43\u00b0C temperatur\u0103 ambiant\u0103 \u0219i 65% umiditate<br \/>\nIzola\u021bie din poliuretan \u00een carcas\u0103 de 60 mm grosime<br \/>\nIluminat interior<br \/>\nPicioare reglabile pe inaltime<\/p>\n<p>&nbsp;<\/p>\n<p>&nbsp;<\/p>\n","protected":false},"excerpt":{"rendered":"<p>Dulap frigorific cu 2 u\u0219i oarbe. Interval de temperatur\u0103: -2 p\u00e2n\u0103 la 8 \u00b0C; Volum: 1400 l; R\u0103cire: dinamic\u0103; Unitate frigorific\u0103 \u00eencorporat\u0103; Temperatura medie; Usa oarba; Tensiune: 220 V; Consum de energie: 0,44 kW\/h; Latime: 1400 mm; Ad\u00e2ncime: 810 mm: Inaltime: 2050 mm; Greutate: (fara ambalaj) 175 kg; Culoare: otel inoxidabil; Evaporator automat; Dezghe\u021bare automat\u0103; Agen\u021bi frigorifici: R 134 \u0219i R 404; Func\u021bioneaz\u0103 la 43\u00b0C temperatur\u0103 ambiant\u0103 \u0219i 65% umiditate; Izola\u021bie din poliuretan \u00een carcas\u0103 de 60 mm grosime; Iluminat interior; Picioare reglabile pe inaltime.<\/p>\n","protected":false},"featured_media":41543,"template":"","meta":[],"_links":{"self":[{"href":"https:\/\/evotek.md\/ro\/wp-json\/wp\/v2\/product\/41540"}],"collection":[{"href":"https:\/\/evotek.md\/ro\/wp-json\/wp\/v2\/product"}],"about":[{"href":"https:\/\/evotek.md\/ro\/wp-json\/wp\/v2\/types\/product"}],"wp:featuredmedia":[{"embeddable":true,"href":"https:\/\/evotek.md\/ro\/wp-json\/wp\/v2\/media\/41543"}],"wp:attachment":[{"href":"https:\/\/evotek.md\/ro\/wp-json\/wp\/v2\/media?parent=41540"}],"curies":[{"name":"wp","href":"https:\/\/api.w.org\/{rel}","templated":true}]}}