{"id":41528,"date":"2024-11-08T12:25:19","date_gmt":"2024-11-08T12:25:19","guid":{"rendered":"https:\/\/evotek.md\/?post_type=product&#038;p=41528"},"modified":"2024-11-08T12:30:20","modified_gmt":"2024-11-08T12:30:20","slug":"sirman-40801002p","status":"publish","type":"product","link":"https:\/\/evotek.md\/ro\/produse\/echipamente-electromecanice\/cutter-profesional\/sirman-40801002p\/","title":{"rendered":"CUTTER 4 L -SIRMAN-40801002P"},"content":{"rendered":"<p><strong>CUTIERA 4 L -SIRMAN-40801002P<\/strong><br \/>\nVolum bunc\u0103r: 3,3 litri<br \/>\nVolumul util al vasului: 1,5 litri<br \/>\nViteza: 2800 rpm<br \/>\nStructur\u0103 robust\u0103 din o\u021bel inoxidabil AISI 430.<br \/>\nMotorul \u0219i bolul sunt situate unul l\u00e2ng\u0103 cel\u0103lalt, ceea ce permite izolarea c\u0103ldurii de produsul procesat.<br \/>\nVas din o\u021bel inoxidabil cu fund termic \u0219i m\u00e2nere.<br \/>\nMotoare ventilate de \u00eenalt\u0103 performan\u021b\u0103 pentru utilizare continu\u0103.<br \/>\nCu\u021bite de ata\u0219are robuste, cu lam\u0103 ondulat\u0103 din o\u021bel tratat termic.<br \/>\nSiguranta este garantata de un sistem cu microintrerupator dublu pe capac.<br \/>\nCapacul transparent Lexan ofer\u0103 o vedere clar\u0103 \u00een timpul proces\u0103rii.<br \/>\nOrificiu pentru ad\u0103ugarea ingredientelor pe capac.<br \/>\nCu control constant al vitezei.<br \/>\nIncluse \u00een dotare: o spatul\u0103 \u0219i o plac\u0103 pentru ascu\u021birea cu\u021bitelor.<\/p>\n<p>Caracteristici<br \/>\nProducator: SIRMAN<br \/>\nTensiune: 220 V<br \/>\nPutere electrica: 0,35 kW<br \/>\nLungime: 365 mm<br \/>\nLatime: 305 mm<br \/>\nInaltime: 255 mm<br \/>\nGreutate neta: 10 kg<\/p>\n","protected":false},"excerpt":{"rendered":"<p>Cutter. Producator: SIRMAN; Tensiune: 220 V; Putere electrica: 0,35 kW; Lungime: 365 mm; Latime: 305 mm; Inaltime: 255 mm; Greutate neta: 10 kg<\/p>\n","protected":false},"featured_media":41531,"template":"","meta":[],"_links":{"self":[{"href":"https:\/\/evotek.md\/ro\/wp-json\/wp\/v2\/product\/41528"}],"collection":[{"href":"https:\/\/evotek.md\/ro\/wp-json\/wp\/v2\/product"}],"about":[{"href":"https:\/\/evotek.md\/ro\/wp-json\/wp\/v2\/types\/product"}],"wp:featuredmedia":[{"embeddable":true,"href":"https:\/\/evotek.md\/ro\/wp-json\/wp\/v2\/media\/41531"}],"wp:attachment":[{"href":"https:\/\/evotek.md\/ro\/wp-json\/wp\/v2\/media?parent=41528"}],"curies":[{"name":"wp","href":"https:\/\/api.w.org\/{rel}","templated":true}]}}