{"id":41524,"date":"2024-11-06T15:10:54","date_gmt":"2024-11-06T15:10:54","guid":{"rendered":"https:\/\/evotek.md\/?post_type=product&#038;p=41524"},"modified":"2024-11-06T15:13:49","modified_gmt":"2024-11-06T15:13:49","slug":"hkn-lpd100b","status":"publish","type":"product","link":"https:\/\/evotek.md\/ro\/produse\/echipamente-frigorifice\/vitrine-frigorifice-pentru-patiserie\/hkn-lpd100b\/","title":{"rendered":"VITRINA FRIGORIFICA PENTRU PATISERIE DE MASA 100 L NEAGRA -HKN-LPD100B"},"content":{"rendered":"<p><strong>VITRINA FRIGORIFICA PENTRU PATISERIE DE MASA 100 L NEAGRA -HKN-LPD100B-<\/strong> Vitrina de patiserie frigorific\u0103, perfect\u0103 pentru afi\u0219area produselor de patiserie, pr\u0103jituri, checuri etc. Sticla panoramic\u0103 sferic\u0103 \u0219i rafturile iluminate din sticl\u0103 prezint\u0103 produsul la maxim.<\/p>\n<p>Caracteristici<br \/>\nVolum: 100 litri<br \/>\nInterval de temperatur\u0103: 2&#8230;8 C<br \/>\nIluminare de fundal cu LED<br \/>\n2 rafturi<br \/>\nVolum: 100 l<br \/>\nCu sticla curbata<br \/>\nTip de instalare: blat<br \/>\nTip de agent frigorific: R600a<br \/>\nLungime: 682 mm<br \/>\nLatime: 450 mm<br \/>\nInaltime: 675 mm<br \/>\nPutere: 0,22 kW<br \/>\nTensiune: 220 V<br \/>\nGreutate neta: 39 kg<br \/>\nGreutate bruta: 42 kg<\/p>\n","protected":false},"excerpt":{"rendered":"<p>Vitrin\u0103 frigorific\u0103 de mas\u0103. Volum: 100 litri; Interval de temperatur\u0103: 2&#8230;8 C; Iluminare de fundal cu LED; 2 rafturi; Volum: 100 l; Cu sticla curbata; Tip de instalare: blat; Tip de agent frigorific: R600a; Lungime: 682 mm; Latime: 450 mm; Inaltime: 675 mm; Putere: 0,22 kW; Tensiune: 220 V; Greutate neta: 39 kg; Greutate bruta: 42 kg.<\/p>\n","protected":false},"featured_media":41526,"template":"","meta":[],"_links":{"self":[{"href":"https:\/\/evotek.md\/ro\/wp-json\/wp\/v2\/product\/41524"}],"collection":[{"href":"https:\/\/evotek.md\/ro\/wp-json\/wp\/v2\/product"}],"about":[{"href":"https:\/\/evotek.md\/ro\/wp-json\/wp\/v2\/types\/product"}],"wp:featuredmedia":[{"embeddable":true,"href":"https:\/\/evotek.md\/ro\/wp-json\/wp\/v2\/media\/41526"}],"wp:attachment":[{"href":"https:\/\/evotek.md\/ro\/wp-json\/wp\/v2\/media?parent=41524"}],"curies":[{"name":"wp","href":"https:\/\/api.w.org\/{rel}","templated":true}]}}