{"id":41509,"date":"2024-10-30T12:06:22","date_gmt":"2024-10-30T12:06:22","guid":{"rendered":"https:\/\/evotek.md\/?post_type=product&#038;p=41509"},"modified":"2024-10-30T12:18:05","modified_gmt":"2024-10-30T12:18:05","slug":"emp-pls-odfe-020","status":"publish","type":"product","link":"https:\/\/evotek.md\/ro\/produse\/echipamente-pentru-fast-food\/friteuze-2\/emp-pls-odfe-020\/","title":{"rendered":"FRITEUZA ELECTRICA CU DULAP, 25+25 LITRI -EMP.PLS.ODFE.020"},"content":{"rendered":"<p><strong>FRITEUZA ELECTRICA CU DULAP, 25+25 LITRI -EMP.PLS.ODFE.020- <\/strong>Friteuza ad\u00e2nc\u0103 este folosit\u0103 la \u00eentreprinderile de alimenta\u021bie public\u0103 \u0219i comer\u021b pentru prepararea diferitelor tipuri de produse. Friteuza modular\u0103 este realizat\u0103 din o\u021bel inoxidabil 304K<\/p>\n<p>Caracteristici<br \/>\nCu filtru de ulei si robinet de scurgere<br \/>\nMaterial: otel inoxidabil 304K<br \/>\nVolti: 400V<br \/>\nPutere: 60 KW<br \/>\nCapacitate: 25+25 litri<br \/>\nModul: 1M<br \/>\nConsum de energie: electric<br \/>\nCu dulap inferior cu dou\u0103 u\u0219i<br \/>\nDimensiuni produs: 800x900x850 mm<br \/>\nGreutate: 139 kg<br \/>\nDimensiuni ambalaj: 1200x600x850 mm<\/p>\n<p>&nbsp;<\/p>\n","protected":false},"excerpt":{"rendered":"<p>Friteuz\u0103 electric\u0103. Cu filtru de ulei si robinet de scurgere; Material: otel inoxidabil 304K; Volti: 400V; Putere: 60 KW; Capacitate: 25+25 litri; Modul: 1M; Consum de energie: electric; Cu dulap inferior cu dou\u0103 u\u0219i; Dimensiuni produs: 800x900x850 mm; Greutate: 139 kg; Dimensiuni ambalaj: 1200x600x850 mm.<\/p>\n","protected":false},"featured_media":41512,"template":"","meta":[],"_links":{"self":[{"href":"https:\/\/evotek.md\/ro\/wp-json\/wp\/v2\/product\/41509"}],"collection":[{"href":"https:\/\/evotek.md\/ro\/wp-json\/wp\/v2\/product"}],"about":[{"href":"https:\/\/evotek.md\/ro\/wp-json\/wp\/v2\/types\/product"}],"wp:featuredmedia":[{"embeddable":true,"href":"https:\/\/evotek.md\/ro\/wp-json\/wp\/v2\/media\/41512"}],"wp:attachment":[{"href":"https:\/\/evotek.md\/ro\/wp-json\/wp\/v2\/media?parent=41509"}],"curies":[{"name":"wp","href":"https:\/\/api.w.org\/{rel}","templated":true}]}}