{"id":41502,"date":"2024-10-30T08:01:51","date_gmt":"2024-10-30T08:01:51","guid":{"rendered":"https:\/\/evotek.md\/?post_type=product&#038;p=41502"},"modified":"2024-11-11T12:21:45","modified_gmt":"2024-11-11T12:21:45","slug":"star6ts","status":"publish","type":"product","link":"https:\/\/evotek.md\/ro\/produse\/echipamente-termice\/cuptoare-cu-convectie-cuptoare\/star6ts\/","title":{"rendered":"CUPTOR CU CONVECTIE, 6 NIVELE (STAR LITE) -YESOVENS-STAR6TS"},"content":{"rendered":"<p><strong>CUPTOR CU CONVECTIE, 6 NIVELE (STAR LITE) -STAR6TS- <\/strong>Cuptoarele cu convec\u021bie de la compania italian\u0103 Yesovens sunt concepute special pentru buc\u0103t\u0103riile comerciale \u0219i sunt concepute pentru pr\u0103jirea sau dezghe\u021barea unor volume mari de alimente.<\/p>\n<p>Cu STAR, cuptorul de patiserie, brut\u0103rie \u0219i pizza de la Yesovens, cea mai bun\u0103 tehnologie este la dispozi\u021bia dumneavoastr\u0103.<\/p>\n<p>Durabilitate, precizie maxim\u0103, flexibilitate complet\u0103. Pute\u021bi salva p\u00e2n\u0103 la 10 etape de g\u0103tit pentru fiecare program, seta\u021bi temperatura de la 30\u00b0C la 280\u00b0C.<\/p>\n<p>Pute\u021bi selecta set\u0103ri \u2014 manual\u0103, programabil sau automat\u0103 \u2014 \u0219i pute\u021bi selecta modul de g\u0103tire prin convec\u021bie, combinat sau cu abur.<\/p>\n<p>Cu o singur\u0103 atingere, v\u0103 pute\u021bi controla cu precizie dospirea, temperatura \u0219i umiditatea.<\/p>\n<p>STAR este un cuptor cu senzor pentru brut\u0103rii, patiserii \u0219i pizzerii cu 6 \u0219i 10 t\u0103vi din gama noastr\u0103 Arte Bianca, conceput \u0219i fabricat de Yesovens pentru mae\u0219tri brutari \u0219i cunosc\u0103tori ai gustului.<\/p>\n<p><strong>*Pentru a beneficia de garan\u021bie este obligatoriu de a fi instalat filtru DVA pentru acest echipament.<\/strong><\/p>\n<p>Caracteristici<br \/>\nLatime: 850 mm<br \/>\nAd\u00e2ncime: 890 mm<br \/>\nInaltime: 890 mm<br \/>\nGreutate neta: 98 kg<br \/>\nGreutate cu ambalaj: 113 kg<br \/>\nDimensiuni ambalaj: 915x1000x1045 mm<br \/>\nAlimentare: 380-415 V 3N 50\/60 Hz \/ 230 V 3P 50\/60 Hz \/ 230 V 1N 50\/60 Hz<br \/>\nPutere maxima: 11 kW<br \/>\nCurent: 18 A \/ 32 A \/ 50 A<br \/>\nCablu: 5&#215;4 mm\u00b2 H07RN-F<br \/>\nRacord apa de sp\u0103lare V1: 3\/4&#8243;<br \/>\nConexiune abur \u0219i ap\u0103 V2: 3\/4 inch, dedurizat<br \/>\nPresiunea apei: 1,5-5 bar<br \/>\nDuritatea apei: 4\u00b0d<br \/>\nConductivitate minim\u0103: 50 \u00b5S\/cm<br \/>\nDimensiuni evacuare S: 32 mm<br \/>\nTip tav\u0103: 60&#215;40 cm<br \/>\nNumar de tavi: 6<br \/>\nDistanta intre tavi: 80 mm<br \/>\nSarcina maxima: 30 kg<br \/>\nSarcina maxima pe tava: 5 kg<br \/>\nEvaluare IP: IPx4<\/p>\n","protected":false},"excerpt":{"rendered":"<p>Cuptor cu convec\u021bie, cu 6 nivele. Latime: 850 mm; Ad\u00e2ncime: 890 mm; Inaltime: 890 mm; Greutate neta: 98 kg; Greutate cu ambalaj: 113 kg; Dimensiuni ambalaj: 915x1000x1045 mm; Alimentare: 380-415 V 3N 50\/60 Hz \/ 230 V 3P 50\/60 Hz \/ 230 V 1N 50\/60 Hz; Putere maxima: 11 kW; Curent: 18 A \/ 32 A \/ 50 A; Cablu: 5&#215;4 mm\u00b2 H07RN-F; Racord apa de sp\u0103lare V1: 3\/4&#8243;; Conexiune abur \u0219i ap\u0103 V2: 3\/4 inch, dedurizat; Presiunea apei: 1,5-5 bar; Duritatea apei: 4\u00b0d; Conductivitate minim\u0103: 50 \u00b5S\/cm; Dimensiuni evacuare S: 32 mm; Tip tav\u0103: 60&#215;40 cm; Numar de tavi: 6; Distanta intre tavi: 80 mm; Sarcina maxima: 30 kg; Sarcina maxima pe tava: 5 kg; Evaluare IP: IPx4.<br \/>\n<strong>*T\u0103vile GN nu sunt incluse.<\/strong><br \/>\n<strong>*Recomand\u0103m instalarea adi\u021bional\u0103 a unui filtru DVA pentru o bun\u0103 func\u021bionare a cuptorului.<\/strong><\/p>\n","protected":false},"featured_media":41505,"template":"","meta":[],"_links":{"self":[{"href":"https:\/\/evotek.md\/ro\/wp-json\/wp\/v2\/product\/41502"}],"collection":[{"href":"https:\/\/evotek.md\/ro\/wp-json\/wp\/v2\/product"}],"about":[{"href":"https:\/\/evotek.md\/ro\/wp-json\/wp\/v2\/types\/product"}],"wp:featuredmedia":[{"embeddable":true,"href":"https:\/\/evotek.md\/ro\/wp-json\/wp\/v2\/media\/41505"}],"wp:attachment":[{"href":"https:\/\/evotek.md\/ro\/wp-json\/wp\/v2\/media?parent=41502"}],"curies":[{"name":"wp","href":"https:\/\/api.w.org\/{rel}","templated":true}]}}