{"id":41498,"date":"2024-10-30T07:44:13","date_gmt":"2024-10-30T07:44:13","guid":{"rendered":"https:\/\/evotek.md\/?post_type=product&#038;p=41498"},"modified":"2024-11-11T12:22:46","modified_gmt":"2024-11-11T12:22:46","slug":"ego7ts","status":"publish","type":"product","link":"https:\/\/evotek.md\/ro\/produse\/echipamente-termice\/cuptoare-cu-convectie-cuptoare\/ego7ts\/","title":{"rendered":"CUPTOR CU CONVECTIE, 7 NIVELE (EGO CLASSIC) -YESOVENS-EGO7TS"},"content":{"rendered":"<p><strong>CUPTOR CU CONVECTIE, 7 NIVELE (EGO CLASSIC) -EGO7TS-<\/strong>Cuptoarele cu convec\u021bie de la compania italian\u0103 Yesovens sunt concepute special pentru buc\u0103t\u0103riile comerciale \u0219i sunt concepute pentru pr\u0103jirea sau dezghe\u021barea unor volume mari de alimente.<\/p>\n<p><strong>*Pentru a beneficia de garan\u021bie este obligatoriu de a fi instalat filtru DVA pentru acest echipament.<\/strong><\/p>\n<p>Caracteristici<br \/>\nLatime: 850 mm<br \/>\nAd\u00e2ncime: 890 mm<br \/>\nInaltime: 890 mm<br \/>\nGreutate neta: 105 kg<br \/>\nGreutate cu ambalaj: 123 kg<br \/>\nDimensiuni ambalaj: 915x1000x1045 mm<br \/>\nAlimentare: 380-415 V 3N 50\/60 Hz 230 V 3P 50\/60 Hz<br \/>\nPutere maxima: 18 kW<br \/>\nCurent: 30A\/50A<br \/>\nCablu: 5&#215;4 mm\u00b2 H07RN-F<br \/>\nRacord apa de sp\u0103lare V1: 3\/4&#8243;<br \/>\nConexiune abur \u0219i ap\u0103 V2: 3\/4 inch, dedurizat<br \/>\nPresiunea apei: 1,5-5 bar<br \/>\nDuritatea apei: 4\u00b0d<br \/>\nConductivitate minim\u0103: 50 \u00b5S\/cm<br \/>\nDimensiuni evacuare S: 32 mm<br \/>\nTip tav\u0103: GN1\/1<br \/>\nNumar de tavi: 7<br \/>\nDistanta intre tavi: 70 mm<br \/>\nSarcina maxima: 35 kg<br \/>\nSarcina maxima pe tava: 5 kg<br \/>\nEvaluare IP: IPx4<\/p>\n","protected":false},"excerpt":{"rendered":"<p>Cuptor cu convec\u021bie, cu 7 nivele. Latime: 850 mm; Ad\u00e2ncime: 890 mm; Inaltime: 890 mm; Greutate neta: 105 kg; Greutate cu ambalaj: 123 kg; Dimensiuni ambalaj: 915x1000x1045 mm; Alimentare: 380-415 V 3N 50\/60 Hz 230 V 3P 50\/60 Hz; Putere maxima: 18 kW; Curent: 30A\/50A; Cablu: 5&#215;4 mm\u00b2 H07RN-F; Racord apa de sp\u0103lare V1: 3\/4&#8243;; Conexiune abur \u0219i ap\u0103 V2: 3\/4 inch, dedurizat; Presiunea apei: 1,5-5 bar; Duritatea apei: 4\u00b0d; Conductivitate minim\u0103: 50 \u00b5S\/cm; Dimensiuni evacuare S: 32 mm; Tip tav\u0103: GN1\/1; Numar de tavi: 7; Distanta intre tavi: 70 mm; Sarcina maxima: 35 kg; Sarcina maxima pe tava: 5 kg; Evaluare IP: IPx4.<\/p>\n<p><strong>*T\u0103vile GN nu sunt incluse.<\/strong><br \/>\n<strong>*Recomand\u0103m instalarea adi\u021bional\u0103 a unui filtru DVA pentru o bun\u0103 func\u021bionare a cuptorului.<\/strong><\/p>\n","protected":false},"featured_media":41500,"template":"","meta":[],"_links":{"self":[{"href":"https:\/\/evotek.md\/ro\/wp-json\/wp\/v2\/product\/41498"}],"collection":[{"href":"https:\/\/evotek.md\/ro\/wp-json\/wp\/v2\/product"}],"about":[{"href":"https:\/\/evotek.md\/ro\/wp-json\/wp\/v2\/types\/product"}],"wp:featuredmedia":[{"embeddable":true,"href":"https:\/\/evotek.md\/ro\/wp-json\/wp\/v2\/media\/41500"}],"wp:attachment":[{"href":"https:\/\/evotek.md\/ro\/wp-json\/wp\/v2\/media?parent=41498"}],"curies":[{"name":"wp","href":"https:\/\/api.w.org\/{rel}","templated":true}]}}