{"id":41492,"date":"2024-10-29T15:45:53","date_gmt":"2024-10-29T15:45:52","guid":{"rendered":"https:\/\/evotek.md\/?post_type=product&#038;p=41492"},"modified":"2024-11-11T12:22:53","modified_gmt":"2024-11-11T12:22:53","slug":"ypstk6040-d0000d01","status":"publish","type":"product","link":"https:\/\/evotek.md\/ro\/produse\/echipamente-termice\/dospitor\/ypstk6040-d0000d01\/","title":{"rendered":"DOSPITOR 12 NIVELE, DIGITAL 60-40 -YESOVENS-YPSTK6040-D0000D01"},"content":{"rendered":"<p><strong>DOSPITOR 12 NIVELE, DIGITAL 60-40 -LIEV12D-YPSTK6040-D0000D01- <\/strong>Dospitorul se folose\u0219te la unit\u0103\u021bile de alimenta\u021bie public\u0103, \u00een brut\u0103rii \u0219i cofet\u0103rii pentru dospirea buc\u0103\u021bilor de aluat, timp \u00een care aluatul cre\u0219te \u00een volum \u0219i cap\u0103t\u0103 o suprafa\u021b\u0103 plan\u0103, porozitatea acestuia este restaurat\u0103.<\/p>\n<p>Caracteristici<br \/>\nDimensiuni inclusiv maner: 850x930x740 mm<br \/>\nNumar de t\u0103vi: 12, 600&#215;400 mm<br \/>\nControl digital<br \/>\nFunc\u021bioneaz\u0103: operare independenta<br \/>\nConsum: 1500W<br \/>\nUmiditate: Manual indirect<br \/>\nVentilare: Da<\/p>\n<p>&nbsp;<\/p>\n","protected":false},"excerpt":{"rendered":"<p>Dospitor cu 12 nivele, digital. Dimensiuni inclusiv maner: 850x930x740 mm; Numar de t\u0103vi: 12, 600&#215;400 mm; Control digital; Func\u021bioneaz\u0103: operare independenta; Consum: 1500W; Umiditate: Manual indirect; Ventilare: Da.<\/p>\n","protected":false},"featured_media":41495,"template":"","meta":[],"_links":{"self":[{"href":"https:\/\/evotek.md\/ro\/wp-json\/wp\/v2\/product\/41492"}],"collection":[{"href":"https:\/\/evotek.md\/ro\/wp-json\/wp\/v2\/product"}],"about":[{"href":"https:\/\/evotek.md\/ro\/wp-json\/wp\/v2\/types\/product"}],"wp:featuredmedia":[{"embeddable":true,"href":"https:\/\/evotek.md\/ro\/wp-json\/wp\/v2\/media\/41495"}],"wp:attachment":[{"href":"https:\/\/evotek.md\/ro\/wp-json\/wp\/v2\/media?parent=41492"}],"curies":[{"name":"wp","href":"https:\/\/api.w.org\/{rel}","templated":true}]}}