{"id":41485,"date":"2024-10-29T15:24:34","date_gmt":"2024-10-29T15:24:34","guid":{"rendered":"https:\/\/evotek.md\/?post_type=product&#038;p=41485"},"modified":"2024-11-11T12:23:14","modified_gmt":"2024-11-11T12:23:14","slug":"mos11m","status":"publish","type":"product","link":"https:\/\/evotek.md\/ro\/produse\/echipamente-termice\/cuptoare-cu-convectie-cuptoare\/mos11m\/","title":{"rendered":"CUPTOR CU CONVECTIE, 11 NIVELE (MOSAICO LITE) -YESOVENS-MOS11M"},"content":{"rendered":"<p><strong>CUPTOR CU CONVECTIE, 11 NIVELE MOSAICO LITE -MOS11M-<\/strong>Cuptoarele cu convec\u021bie de la compania italian\u0103 Yesovens sunt concepute special pentru buc\u0103t\u0103riile comerciale \u0219i sunt concepute pentru pr\u0103jirea sau dezghe\u021barea unor volume mari de alimente.<\/p>\n<p><strong>*Pentru a beneficia de garan\u021bie este obligatoriu de a fi instalat filtru DVA pentru acest echipament.<\/strong><\/p>\n<p>Caracteristici<br \/>\nLatime: 850 mm<br \/>\nAd\u00e2ncime: 890 mm<br \/>\nInaltime: 1170 mm<br \/>\nGreutate neta: 125 kg<br \/>\nGreutate cu ambalaj: 145 kg<br \/>\nDimensiuni in ambalaj: 915x1000x1330 mm<br \/>\nAlimentare: 380-415 V 3N 50\/60 Hz 230 V 3P 50\/60 Hz<br \/>\nPutere maxima: 17 kW<br \/>\nCurent: 28 A \/ 49 A<br \/>\nCablu: 5&#215;4 mm\u00b2 H07RN-F<br \/>\nRacord de sp\u0103lare cu ap\u0103 V1: 3\/4&#8243;<br \/>\nRacord apa abur V2: 3\/4&#8243; dedurizat<br \/>\nPresiunea apei: 1,5-5 bar<br \/>\nDuritatea apei: 4\u00b0 d<br \/>\nConductan\u021b\u0103 minim\u0103: 50 uS\/cm<br \/>\nDimensiuni evacuare S: 32 mm<br \/>\nTip t\u0103vi: GN1\/1<br \/>\nNumar t\u0103vi: 11<br \/>\nDistanta intre t\u0103vi: 70 mm<br \/>\nSarcina maxima: 45 kg<br \/>\n\u00cenc\u0103rcare maxim\u0103 pe o singur\u0103 tav\u0103: 5 kg<br \/>\nEvaluare IP: IPx4<\/p>\n","protected":false},"excerpt":{"rendered":"<p>Cuptor cu convec\u021bie, cu 11 nivele. Latime: 850 mm; Ad\u00e2ncime: 890 mm; Inaltime: 1170 mm; Greutate neta: 125 kg; Greutate cu ambalaj: 145 kg; Dimensiuni in ambalaj: 915x1000x1330 mm; Alimentare: 380-415 V 3N 50\/60 Hz 230 V 3P 50\/60 Hz; Putere maxima: 17 kW; Curent: 28 A \/ 49 A; Cablu: 5&#215;4 mm\u00b2 H07RN-F; Racord de sp\u0103lare cu ap\u0103 V1: 3\/4&#8243;; Racord apa abur V2: 3\/4&#8243; dedurizat; Presiunea apei: 1,5-5 bar; Duritatea apei: 4\u00b0 d; Conductan\u021b\u0103 minim\u0103: 50 uS\/cm; Dimensiuni evacuare S: 32 mm; Tip t\u0103vi: GN1\/1; Numar t\u0103vi: 11; Distanta intre t\u0103vi: 70 mm; Sarcina maxima: 45 kg; \u00cenc\u0103rcare maxim\u0103 pe o singur\u0103 tav\u0103: 5 kg; Evaluare IP: IPx4<\/p>\n<p><strong>*T\u0103vile GN nu sunt incluse.<\/strong><br \/>\n<strong>*Recomand\u0103m instalarea adi\u021bional\u0103 a unui filtru DVA pentru o bun\u0103 func\u021bionare a cuptorului.<\/strong><\/p>\n","protected":false},"featured_media":41488,"template":"","meta":[],"_links":{"self":[{"href":"https:\/\/evotek.md\/ro\/wp-json\/wp\/v2\/product\/41485"}],"collection":[{"href":"https:\/\/evotek.md\/ro\/wp-json\/wp\/v2\/product"}],"about":[{"href":"https:\/\/evotek.md\/ro\/wp-json\/wp\/v2\/types\/product"}],"wp:featuredmedia":[{"embeddable":true,"href":"https:\/\/evotek.md\/ro\/wp-json\/wp\/v2\/media\/41488"}],"wp:attachment":[{"href":"https:\/\/evotek.md\/ro\/wp-json\/wp\/v2\/media?parent=41485"}],"curies":[{"name":"wp","href":"https:\/\/api.w.org\/{rel}","templated":true}]}}