{"id":41479,"date":"2024-10-28T15:10:51","date_gmt":"2024-10-28T15:10:51","guid":{"rendered":"https:\/\/evotek.md\/?post_type=product&#038;p=41479"},"modified":"2024-10-28T15:14:19","modified_gmt":"2024-10-28T15:14:19","slug":"1000x600x850-mm-stv-2p","status":"publish","type":"product","link":"https:\/\/evotek.md\/ro\/produse\/mobila-din-inox\/mese-dulap-din-inox\/1000x600x850-mm-stv-2p\/","title":{"rendered":"MASA DULAP DIN INOX CU 2 POLITE SI BORDUR, FARA USI 1000x600x850 mm -STV-2P"},"content":{"rendered":"<p><strong>MASA DULAP DIN INOX CU 2 POLITE SI BORDUR, FARA USI 1000x600x850 mm -STV-2P-<\/strong> Mesele din inox cu dulap sunt folosite ca suprafe\u021be de lucru \u00een buc\u0103t\u0103rie, de asemenea pentru depozitarea vaselor, ustensilelor de buc\u0103t\u0103rie sau a produselor alimentare \u00eentr-un spa\u021biu protejat.<\/p>\n<p>Caracteristici<br \/>\nParametri (l\/l\/a): 1000x600x850 mm<br \/>\nNum\u0103r de rafturi: 2 buc.<\/p>\n","protected":false},"excerpt":{"rendered":"<p>Mas\u0103-dulap. Parametri (l\/l\/a): 1000x600x850 mm; Num\u0103r de rafturi: 2 buc.<\/p>\n<p>*Masa din inox cu dulap poate fi realizat\u0103 dup\u0103 proiectul individual.<\/p>\n","protected":false},"featured_media":41478,"template":"","meta":[],"_links":{"self":[{"href":"https:\/\/evotek.md\/ro\/wp-json\/wp\/v2\/product\/41479"}],"collection":[{"href":"https:\/\/evotek.md\/ro\/wp-json\/wp\/v2\/product"}],"about":[{"href":"https:\/\/evotek.md\/ro\/wp-json\/wp\/v2\/types\/product"}],"wp:featuredmedia":[{"embeddable":true,"href":"https:\/\/evotek.md\/ro\/wp-json\/wp\/v2\/media\/41478"}],"wp:attachment":[{"href":"https:\/\/evotek.md\/ro\/wp-json\/wp\/v2\/media?parent=41479"}],"curies":[{"name":"wp","href":"https:\/\/api.w.org\/{rel}","templated":true}]}}