{"id":41473,"date":"2024-10-28T15:04:57","date_gmt":"2024-10-28T15:04:57","guid":{"rendered":"https:\/\/evotek.md\/?post_type=product&#038;p=41473"},"modified":"2024-10-28T15:10:46","modified_gmt":"2024-10-28T15:10:46","slug":"1000x600x850-mm-stv-1p","status":"publish","type":"product","link":"https:\/\/evotek.md\/ro\/produse\/mobila-din-inox\/mese-dulap-din-inox\/1000x600x850-mm-stv-1p\/","title":{"rendered":"MASA DULAP DIN INOX CU POLITA SI BORDUR, FARA USI 1000x600x850 mm -STV-1P"},"content":{"rendered":"<p><strong>MASA DULAP DIN INOX CU POLITA SI BORDUR, FARA USI 1000x600x850 mm -STV-1P-<\/strong> Mesele din inox cu dulap sunt folosite ca suprafe\u021be de lucru \u00een buc\u0103t\u0103rie, de asemenea pentru depozitarea vaselor, ustensilelor de buc\u0103t\u0103rie sau a produselor alimentare \u00eentr-un spa\u021biu protejat.<\/p>\n<p>Caracteristici<br \/>\nParametri (l\/l\/a): 1000x600x850 mm<br \/>\nNum\u0103r de rafturi: 1 buc.<\/p>\n","protected":false},"excerpt":{"rendered":"<p>Mas\u0103-dulap. Parametri (l\/l\/a): 1000x600x850 mm; Num\u0103r de rafturi: 1 buc.<\/p>\n<p>*Masa din inox cu dulap poate fi realizat\u0103 dup\u0103 proiectul individual.<\/p>\n","protected":false},"featured_media":41476,"template":"","meta":[],"_links":{"self":[{"href":"https:\/\/evotek.md\/ro\/wp-json\/wp\/v2\/product\/41473"}],"collection":[{"href":"https:\/\/evotek.md\/ro\/wp-json\/wp\/v2\/product"}],"about":[{"href":"https:\/\/evotek.md\/ro\/wp-json\/wp\/v2\/types\/product"}],"wp:featuredmedia":[{"embeddable":true,"href":"https:\/\/evotek.md\/ro\/wp-json\/wp\/v2\/media\/41476"}],"wp:attachment":[{"href":"https:\/\/evotek.md\/ro\/wp-json\/wp\/v2\/media?parent=41473"}],"curies":[{"name":"wp","href":"https:\/\/api.w.org\/{rel}","templated":true}]}}