{"id":41465,"date":"2024-10-25T12:27:05","date_gmt":"2024-10-25T12:27:05","guid":{"rendered":"https:\/\/evotek.md\/?post_type=product&#038;p=41465"},"modified":"2024-10-25T12:36:43","modified_gmt":"2024-10-25T12:36:43","slug":"stand-pentru-echipamente-700-cs1270","status":"publish","type":"product","link":"https:\/\/evotek.md\/ro\/produse\/standuri-pentru-echipamente\/standuri-pentru-echipamente-seria-700-kalitegaz-podstavki-dlia-oborudovania\/stand-pentru-echipamente-700-cs1270\/","title":{"rendered":"STAND CU DULAP, 3 USI -CS1270"},"content":{"rendered":"<p><strong>STAND CU DULAP, 3 USI -CS1270- <\/strong>Suporturile din inox apar\u021bin mobilierului de buc\u0103t\u0103rie func\u021bional pentru o buc\u0103t\u0103rie profesional\u0103. Suporturile pentru echipamentele de buc\u0103t\u0103rie v\u0103 permit s\u0103 lucra\u021bi la echipamentul principal f\u0103r\u0103 \u00eentrerupere.<\/p>\n<p>Cu ajutorul standurilor, pute\u021bi nivela \u00een\u0103l\u021bimea echipamentului \u00een conformitate cu recomand\u0103rile produc\u0103torului. Standurile sunt realizate din inox- o alegere convenabil\u0103, deoarece pot fi folosite pentru o perioad\u0103 lung\u0103 de timp. Standurile moderne sunt func\u021bionale, ergonomice \u0219i practice.<\/p>\n<p>Caracteristici<\/p>\n<p>Dimensiuni: 1200x700x610 mm<br \/>\nGreutate: 35 kg<\/p>\n<p>&nbsp;<\/p>\n","protected":false},"excerpt":{"rendered":"<p>Suport pentru echipamente cu trei u\u0219i. Dimensiuni: 1200x700x610 mm; Greutate: 35 kg.<\/p>\n","protected":false},"featured_media":41468,"template":"","meta":[],"_links":{"self":[{"href":"https:\/\/evotek.md\/ro\/wp-json\/wp\/v2\/product\/41465"}],"collection":[{"href":"https:\/\/evotek.md\/ro\/wp-json\/wp\/v2\/product"}],"about":[{"href":"https:\/\/evotek.md\/ro\/wp-json\/wp\/v2\/types\/product"}],"wp:featuredmedia":[{"embeddable":true,"href":"https:\/\/evotek.md\/ro\/wp-json\/wp\/v2\/media\/41468"}],"wp:attachment":[{"href":"https:\/\/evotek.md\/ro\/wp-json\/wp\/v2\/media?parent=41465"}],"curies":[{"name":"wp","href":"https:\/\/api.w.org\/{rel}","templated":true}]}}