{"id":41460,"date":"2024-10-22T13:20:27","date_gmt":"2024-10-22T13:20:27","guid":{"rendered":"https:\/\/evotek.md\/?post_type=product&#038;p=41460"},"modified":"2024-10-22T13:25:21","modified_gmt":"2024-10-22T13:25:21","slug":"cutter-3-2-l-sirman-blitz","status":"publish","type":"product","link":"https:\/\/evotek.md\/ro\/produse\/echipamente-electromecanice\/cutter-profesional\/cutter-3-2-l-sirman-blitz\/","title":{"rendered":"CUTTER 3.2 L -SIRMAN-BLITZ"},"content":{"rendered":"<p><strong>CUTTER 3.2 L -SIRMAN-BLITZ-<\/strong> Baza si rezervorul din material ABS termorezistent. Capac din policarbonat cu orificiu pentru ad\u0103ugarea ingredientelor \u00een timpul proces\u0103rii. Capacul \u0219i rezervorul sunt interblocate reciproc, dar pot fi \u00eendep\u0103rtate cu u\u0219urin\u021b\u0103 pentru opera\u021biunile de cur\u0103\u021bare. Fr\u00e2n\u0103 de motor. Control cu \u200b\u200bNVR 24 Vol\u021bi IP 67. Inclus: Ata\u0219ament cu lame din o\u021bel inoxidabil, accesoriu ABS pentru biciuire, Spatul\u0103.<\/p>\n<p>Caracteristici<br \/>\nPutere 370 watt &#8211; CP 0,50<br \/>\nAlimentare: 1ph<br \/>\nViteza: 2800 r.p.m<br \/>\nCapacitate bol: 3,2 l<br \/>\nGreutate neta: 10 kg<br \/>\nDimensiuni ambalaj: 430x330x304 mm<br \/>\nGreutate brut\u0103: 11,5 kg<\/p>\n","protected":false},"excerpt":{"rendered":"<p>Cutter. Putere 370 watt &#8211; CP 0,50; Alimentare: 1ph; Viteza: 2800 r.p.m; Capacitate bol: 3,2 l; Greutate neta: 10 kg; Dimensiuni ambalaj: 430x330x304 mm; Greutate brut\u0103: 11,5 kg,<\/p>\n","protected":false},"featured_media":41463,"template":"","meta":[],"_links":{"self":[{"href":"https:\/\/evotek.md\/ro\/wp-json\/wp\/v2\/product\/41460"}],"collection":[{"href":"https:\/\/evotek.md\/ro\/wp-json\/wp\/v2\/product"}],"about":[{"href":"https:\/\/evotek.md\/ro\/wp-json\/wp\/v2\/types\/product"}],"wp:featuredmedia":[{"embeddable":true,"href":"https:\/\/evotek.md\/ro\/wp-json\/wp\/v2\/media\/41463"}],"wp:attachment":[{"href":"https:\/\/evotek.md\/ro\/wp-json\/wp\/v2\/media?parent=41460"}],"curies":[{"name":"wp","href":"https:\/\/api.w.org\/{rel}","templated":true}]}}