{"id":41447,"date":"2024-10-22T13:10:21","date_gmt":"2024-10-22T13:10:21","guid":{"rendered":"https:\/\/evotek.md\/?post_type=product&#038;p=41447"},"modified":"2024-10-22T13:18:56","modified_gmt":"2024-10-22T13:18:56","slug":"cutter-15-l-sirman-c-tronic-4","status":"publish","type":"product","link":"https:\/\/evotek.md\/ro\/produse\/echipamente-electromecanice\/cutter-profesional\/cutter-15-l-sirman-c-tronic-4\/","title":{"rendered":"CUTTER 1,5 L -SIRMAN-C-TRONIC 4"},"content":{"rendered":"<p><strong>CUTTER 1,5 L -SIRMAN-C-TRONIC 4-<\/strong> Constructie robusta din aluminiu turnat si extrudat. Motorul \u0219i bolul sunt montate unul l\u00e2ng\u0103 altul, ceea ce reduce transferul de c\u0103ldur\u0103 de la motor la produsul din bol. C\u0103zi din o\u021bel inoxidabil cu fund gros \u0219i m\u00e2nere. Motoare ventilate pentru func\u021bionare lung\u0103 \u0219i continu\u0103. Cu\u021bite din o\u021bel durabil \u0219i \u00eent\u0103rit. Micro\u00eentrerup\u0103tor de siguran\u021b\u0103 pe capac. Micro\u00eentrerup\u0103tor pe p\u00e2rghie. Capacul transparent Tritan faciliteaz\u0103 monitorizarea procesului. Orificiu \u00een capac pentru ad\u0103ugarea ingredientelor. \u00cen plus: o spatul\u0103 \u0219i o piatr\u0103 de ascu\u021bit pentru ascu\u021birea cu\u021bitelor. Variotronic: variator de vitez\u0103 stabilizat.<\/p>\n<p>Caracteristici<br \/>\nPutere: 350 watt &#8211; CP 0,5<br \/>\nViteza: 600\u00f72.800 r.p.m<br \/>\nVolum bol: 3,3 l<br \/>\nCapacitate: 1,5 l<br \/>\nGreutate neta: 13 kg<br \/>\nDimensiuni in ambalaj: 490x380x420 <span style=\"font-size: 14.4px\">mm\u00a0<\/span><br \/>\nGreutate bruta: 15 kg<\/p>\n","protected":false},"excerpt":{"rendered":"<p>Cutter. Putere: 350 watt &#8211; CP 0,5; Viteza: 600\u00f72.800 r.p.m; Volum bol: 3,3 l; Capacitate: 1,5 l; Greutate neta: 13 kg; Dimensiuni in ambalaj: 490x380x420 <span style=\"font-size: 14.4px\">mm ; <\/span>Greutate bruta: 15 kg.<\/p>\n","protected":false},"featured_media":41450,"template":"","meta":[],"_links":{"self":[{"href":"https:\/\/evotek.md\/ro\/wp-json\/wp\/v2\/product\/41447"}],"collection":[{"href":"https:\/\/evotek.md\/ro\/wp-json\/wp\/v2\/product"}],"about":[{"href":"https:\/\/evotek.md\/ro\/wp-json\/wp\/v2\/types\/product"}],"wp:featuredmedia":[{"embeddable":true,"href":"https:\/\/evotek.md\/ro\/wp-json\/wp\/v2\/media\/41450"}],"wp:attachment":[{"href":"https:\/\/evotek.md\/ro\/wp-json\/wp\/v2\/media?parent=41447"}],"curies":[{"name":"wp","href":"https:\/\/api.w.org\/{rel}","templated":true}]}}