{"id":4144,"date":"2020-03-05T15:51:42","date_gmt":"2020-03-05T15:52:40","guid":{"rendered":"https:\/\/evotek.md\/?post_type=product&#038;p=4144"},"modified":"2023-02-01T11:39:36","modified_gmt":"2023-02-01T11:39:36","slug":"raft-pentru-bucatarie-hkn-ksu-251-1204","status":"publish","type":"product","link":"https:\/\/evotek.md\/ro\/produse\/mobila-din-inox\/rafturi-din-inox\/rafturi-pentru-bucatarie\/raft-pentru-bucatarie-hkn-ksu-251-1204\/","title":{"rendered":"RAFT PENTRU BUCATARIE (1830x1200x400 mm) -HKN KSU-251\/1204"},"content":{"rendered":"<p><strong>RAFT PENTRU BUCATARIE (1830x1200x400 mm) -HKN KSU-251\/1204- <\/strong>Este destinat depozit\u0103rii ustensilelor de buc\u0103t\u0103rie \u0219i a produselor alimentare ambalate la \u00eentreprinderile de alimenta\u021bie public\u0103 \u0219i comer\u021b. Designul suportului include 4 rafturi. Rafturile sunt realizate din o\u021bel zincat \u0219i reprezint\u0103 o dimensiune a col\u021bului 40&#215;40 mm. Distan\u021ba dintre rafturi este de 100 mm. Greutatea de pe raft nu dep\u0103\u0219e\u0219te 150 kg. Picioarele suportului pot fi reglate, ceea ce asigur\u0103 stabilitatea \u0219i capacitatea de a instala suportul pe un c\u00e2mp neuniform.<\/p>\n<p>Caracteristici<br \/>\nInaltime: 1830 mm<br \/>\nLungime: 1200 mm<br \/>\nLatime: 400 mm<br \/>\nPicioare pentru rafturi: 40&#215;40 mm<br \/>\nDistan\u021ba dintre rafturi: 100 mm<br \/>\nSarcina la raft: 150 kg<br \/>\nGreutate neta: 25,55 kg<\/p>\n","protected":false},"excerpt":{"rendered":"<p>Raft pentru buc\u0103t\u0103rie. Inaltime: 1830 mm; Lungime: 1200 mm; Latime: 400 mm; Picioare pentru rafturi: 40&#215;40 mm; Distan\u021ba dintre rafturi: 100 mm; Sarcina la raft: 150 kg; Greutate neta: 25,55 kg.<\/p>\n<p>&nbsp;<\/p>\n","protected":false},"featured_media":27306,"template":"","meta":[],"_links":{"self":[{"href":"https:\/\/evotek.md\/ro\/wp-json\/wp\/v2\/product\/4144"}],"collection":[{"href":"https:\/\/evotek.md\/ro\/wp-json\/wp\/v2\/product"}],"about":[{"href":"https:\/\/evotek.md\/ro\/wp-json\/wp\/v2\/types\/product"}],"wp:featuredmedia":[{"embeddable":true,"href":"https:\/\/evotek.md\/ro\/wp-json\/wp\/v2\/media\/27306"}],"wp:attachment":[{"href":"https:\/\/evotek.md\/ro\/wp-json\/wp\/v2\/media?parent=4144"}],"curies":[{"name":"wp","href":"https:\/\/api.w.org\/{rel}","templated":true}]}}