{"id":41403,"date":"2024-10-03T11:18:54","date_gmt":"2024-10-03T11:18:54","guid":{"rendered":"https:\/\/evotek.md\/?post_type=product&#038;p=41403"},"modified":"2024-10-03T11:38:41","modified_gmt":"2024-10-03T11:38:41","slug":"sirman-21229202f","status":"publish","type":"product","link":"https:\/\/evotek.md\/ro\/produse\/echipamente-electromecanice\/masina-de-tocat-carne\/sirman-21229202f\/","title":{"rendered":"MASINA DE TOCAT CARNE 350 kg\/h TC 22 NEVADA -SIRMAN-212270B02F"},"content":{"rendered":"<p><strong>MASINA DE TOCAT CARNE 350 kg\/h TC 22 NEVADA -SIRMAN-212270B02F<\/strong>&#8211; conceputa pentru sarcini grele in timpul functionarii pe termen lung.<\/p>\n<p>Constructie din otel inoxidabil AISI 304<br \/>\nMotoare puternice cu izola\u021bie IP 55 \u0219i r\u0103cire cu ventilator pentru func\u021bionare continu\u0103<br \/>\nMotorul cu angrenaj cu melc f\u0103r\u0103 sf\u00e2r\u0219it cu baie de ulei asigur\u0103 o durat\u0103 lung\u0103 de via\u021b\u0103<br \/>\nMotoreductorul este echipat cu o etan\u0219are dubl\u0103 pentru o func\u021bionare f\u0103r\u0103 probleme pe termen lung<br \/>\nMecanism convenabil de blocare a capului (versiunile CE)<br \/>\nCapul de \u0219lefuit din o\u021bel inoxidabil este proiectat cu aten\u021bie pentru produc\u021bie cu randament ridicat<br \/>\nJgheab de \u00eenc\u0103rcare cu g\u00e2t p\u0103trat pentru performan\u021be remarcabile<br \/>\nTava de \u00eenc\u0103rcare este echipat\u0103 cu \u00eencuietoare de siguran\u021b\u0103 (versiunile CE)<br \/>\nComenzi din o\u021bel inoxidabil cu protec\u021bie IP 67 \u0219i inversare.<\/p>\n<p>Op\u021biuni:<br \/>\n&#8211; Protectie de blocare pentru placi cu gauri mai mari de 8mm. (Pl\u0103cile cu g\u0103uri mai mari de 8 mm necesit\u0103 un sistem de protec\u021bie de blocare)<br \/>\n&#8211; Sistem de cap tocator Unger par\u021bial sau complet<br \/>\n&#8211; Capac tava din plexiglas<br \/>\n&#8211; Ata\u0219ament pentru formarea cotletelor FORMAT M.<\/p>\n<p>Caracteristici<br \/>\nCapacitate: 350 kg\/h<br \/>\nSet cutite si grile: unger complet<br \/>\nAre functia de revers<br \/>\nAlimentare: 1ph\/3ph<br \/>\nTensiune: 380V<br \/>\nPutere: 1.472 kW<br \/>\nLatime: 505 mm<br \/>\nAd\u00e2ncime: 436 mm<br \/>\nInaltime: 424 mm<br \/>\nGreutate (fara ambalaj): 36 kg<br \/>\nGreutate (cu ambalaj): 39 kg<br \/>\nTara de origine: Italia<\/p>\n","protected":false},"excerpt":{"rendered":"<p>Masina de tocat carne. Capacitate: 350 kg\/h; Set cutite si grile: unger complet; Are functia de revers; Alimentare: 1ph\/3ph; Tensiune: 380V; Putere: 1.472 kW; Latime: 505 mm; Ad\u00e2ncime: 436 mm; Inaltime: 424 mm; Greutate (fara ambalaj): 36 kg; Greutate (cu ambalaj): 39 kg; Tara de origine: Italia.<\/p>\n","protected":false},"featured_media":41413,"template":"","meta":[],"_links":{"self":[{"href":"https:\/\/evotek.md\/ro\/wp-json\/wp\/v2\/product\/41403"}],"collection":[{"href":"https:\/\/evotek.md\/ro\/wp-json\/wp\/v2\/product"}],"about":[{"href":"https:\/\/evotek.md\/ro\/wp-json\/wp\/v2\/types\/product"}],"wp:featuredmedia":[{"embeddable":true,"href":"https:\/\/evotek.md\/ro\/wp-json\/wp\/v2\/media\/41413"}],"wp:attachment":[{"href":"https:\/\/evotek.md\/ro\/wp-json\/wp\/v2\/media?parent=41403"}],"curies":[{"name":"wp","href":"https:\/\/api.w.org\/{rel}","templated":true}]}}