{"id":41387,"date":"2024-09-30T11:26:43","date_gmt":"2024-09-30T11:26:44","guid":{"rendered":"https:\/\/evotek.md\/?post_type=product&#038;p=41387"},"modified":"2024-09-30T11:46:20","modified_gmt":"2024-09-30T11:46:20","slug":"90s-kke-100","status":"publish","type":"product","link":"https:\/\/evotek.md\/ro\/produse\/echipamente-termice\/tigaie-basculanta\/90s-kke-100\/","title":{"rendered":"TIGAIE BASCULANTA ELECTRICA, 100 LITRI -90S-KKE-100"},"content":{"rendered":"<p><strong>TIGAIE BASCULANTA ELECTRICA, 100 LITRI -90S-KKE-100<\/strong>&#8211; Tigaie electric\u0103 din inox, pentru pr\u0103jirea alimentelor \u00een intreprinderile de catering.<\/p>\n<p>Facilitati:<br \/>\nFabricat din o\u021bel inoxidabil AISI 304 (Cr-Ni 18\/1 O)<br \/>\nCu capac de contragreutate<br \/>\nAre un marcaj pentru umplerea \u0219i verificarea nivelului apei<br \/>\nInclude supap\u0103 de suprapresiune \u0219i manometru<br \/>\nRobinet de umplere \u0219i robinet de scurgere<br \/>\nArz\u0103torul este echipat cu un ansamblu supap\u0103 magnetic\u0103<\/p>\n<p>Caracteristici<br \/>\nTip de energie: electric<br \/>\nTensiune: 230-400V\/50-60Hz<br \/>\nPutere: 12 kW<br \/>\nCapacitate: 100 litri<br \/>\nDimensiune: 80x90x85 cm<br \/>\nGreutate: 155 kg<\/p>\n<p>&nbsp;<\/p>\n","protected":false},"excerpt":{"rendered":"<p>Tigaie electrica. Tip de energie: electric; Tensiune: 230-400V\/50-60Hz; Putere: 12 kW; Capacitate: 100 litri; Dimensiune: 80x90x85 cm; Greutate: 155 kg.<\/p>\n","protected":false},"featured_media":41389,"template":"","meta":[],"_links":{"self":[{"href":"https:\/\/evotek.md\/ro\/wp-json\/wp\/v2\/product\/41387"}],"collection":[{"href":"https:\/\/evotek.md\/ro\/wp-json\/wp\/v2\/product"}],"about":[{"href":"https:\/\/evotek.md\/ro\/wp-json\/wp\/v2\/types\/product"}],"wp:featuredmedia":[{"embeddable":true,"href":"https:\/\/evotek.md\/ro\/wp-json\/wp\/v2\/media\/41389"}],"wp:attachment":[{"href":"https:\/\/evotek.md\/ro\/wp-json\/wp\/v2\/media?parent=41387"}],"curies":[{"name":"wp","href":"https:\/\/api.w.org\/{rel}","templated":true}]}}