{"id":41381,"date":"2024-09-30T09:46:39","date_gmt":"2024-09-30T09:46:40","guid":{"rendered":"https:\/\/evotek.md\/?post_type=product&#038;p=41381"},"modified":"2024-09-30T09:51:42","modified_gmt":"2024-09-30T09:51:42","slug":"imc40","status":"publish","type":"product","link":"https:\/\/evotek.md\/ro\/produse\/echipamente-pentru-bar-si-cafea\/masina-de-produs-gheata-2-echipamente-pentru-bar-si-cafea\/imc40\/","title":{"rendered":"MASINA DE PRODUS GHEATA (CUB) 40kg\/24h -HKN-IMC40"},"content":{"rendered":"<p><strong>MASINA DE PRODUS GHEATA (CUB) 40kg\/24h -HKN-IMC40<\/strong>&#8211; Cubul este ideal pentru shot-uri \u0219i pahare de diferite forme. Datorita zonei mari de contact, raceste rapid produsul la temperatura dorita. Folosit \u00een restaurante, baruri \u0219i cafenele. O caracteristic\u0103 special\u0103 este capacitatea de a conecta aparatul de ghea\u021b\u0103 at\u00e2t la o surs\u0103 de ap\u0103, c\u00e2t \u0219i de a folosi ap\u0103 \u00eembuteliat\u0103 (sticle de 19-20 litri).<\/p>\n<p>Caracteristici<br \/>\nForma ghe\u021bii: cub<br \/>\nProductivitate: 40 kg\/zi<br \/>\nProductivitate pe ciclu: 45\/15 cuburi\/minut (la temperatura apei 25C)<br \/>\nDimensiune cub: 22&#215;22 mm<br \/>\nTip de racire: Aer<br \/>\nCo\u0219 de ghea\u021b\u0103: Da<br \/>\nCapacitate bunc\u0103r: 13 kg<br \/>\nComanda de alimentare cu ap\u0103: Intrare (ie\u0219ire)<br \/>\nTip de agent frigorific: R600a<br \/>\nPutere: 0,5 kW<br \/>\nTensiune: 220 V<br \/>\nLungime: 360 mm<br \/>\nLatime: 430 mm<br \/>\nInaltime: 760 mm<br \/>\nGreutate neta: 22 kg<\/p>\n<p>&nbsp;<\/p>\n","protected":false},"excerpt":{"rendered":"<p>Ma\u0219in\u0103 de produs chea\u021b\u0103.Forma ghe\u021bii: cub; Productivitate: 40 kg\/zi; Productivitate pe ciclu: 45\/15 cuburi\/minut (la temperatura apei 25C); Dimensiune cub: 22&#215;22 mm; Tip de racire: Aer; Co\u0219 de ghea\u021b\u0103: Da; Capacitate bunc\u0103r: 13 kg; Comanda de alimentare cu ap\u0103: Intrare (ie\u0219ire); Tip de agent frigorific: R600a; Putere: 0,5 kW; Tensiune: 220 V; Lungime: 360 mm; Latime: 430 mm; Inaltime: 760 mm; Greutate neta: 22 kg.<\/p>\n","protected":false},"featured_media":41384,"template":"","meta":[],"_links":{"self":[{"href":"https:\/\/evotek.md\/ro\/wp-json\/wp\/v2\/product\/41381"}],"collection":[{"href":"https:\/\/evotek.md\/ro\/wp-json\/wp\/v2\/product"}],"about":[{"href":"https:\/\/evotek.md\/ro\/wp-json\/wp\/v2\/types\/product"}],"wp:featuredmedia":[{"embeddable":true,"href":"https:\/\/evotek.md\/ro\/wp-json\/wp\/v2\/media\/41384"}],"wp:attachment":[{"href":"https:\/\/evotek.md\/ro\/wp-json\/wp\/v2\/media?parent=41381"}],"curies":[{"name":"wp","href":"https:\/\/api.w.org\/{rel}","templated":true}]}}