{"id":41363,"date":"2024-09-26T14:20:02","date_gmt":"2024-09-26T14:20:02","guid":{"rendered":"https:\/\/evotek.md\/?post_type=product&#038;p=41363"},"modified":"2024-09-26T14:32:24","modified_gmt":"2024-09-26T14:32:24","slug":"tefcold-vk38-200","status":"publish","type":"product","link":"https:\/\/evotek.md\/ro\/produse\/echipamente-frigorifice\/vitrine-saladete\/tefcold-vk38-200\/","title":{"rendered":"VITRINA SALADETA, GN1\/3&#215;6, 78 LITRI -TEFCOLD-VK38-200"},"content":{"rendered":"<p><strong>VITRINA SALADETA, GN1\/3&#215;6, 78 LITRI -TEFCOLD-VK38-200<\/strong><\/p>\n<p>Caracteristici<br \/>\nInterval de temperatur\u0103: +2 p\u00e2n\u0103 la +10 \u00b0C<br \/>\nClasa climatica: 4<br \/>\nGreutate brut\u0103\/net\u0103: 78 \/ 73 kg<br \/>\nVolum brut\/net: 78 \/ 78 l<br \/>\nCapacitate: GN 9 buc.<br \/>\nPicioare: 4 picioare reglabile<br \/>\nFinisaj exterior: CC304<br \/>\nFinisaj interior: CC304<br \/>\nSneezeGuard: Da<br \/>\nNumar separatoare 12 buc.<br \/>\nTip controler: electronic<br \/>\nTip de r\u0103cire: Static\u0103<br \/>\nTip dezghetare: Manual<br \/>\nAgent frigorific: P600a<br \/>\n\u00cenc\u0103rcare agent frigorific: 40 g<br \/>\nTermometru: Da<br \/>\nConsum de energie: 4,56 kWh\/24h<br \/>\nConsum anual de energie: 1664 kWh\/an<br \/>\nPutere de intrare: 112 W<br \/>\nTensiune: 220-240\/50 V\/Hz<br \/>\nNivel de zgomot: 47 dB(A)<br \/>\nDimensiuni interioare (L\u0103xAdx\u00cen): 1645x305x155 mm<br \/>\nDimensiuni exterioare (L\u0103xAdx\u00cen): 2000x395x225 mm<br \/>\nDimensiuni ambalare (L\u0103xAdx\u00cen): 2080x440x310 mm<br \/>\n\u00cenc\u0103rcare container de 40 ft: 250 buc.<\/p>\n","protected":false},"excerpt":{"rendered":"<p><span style=\"font-size: 14.4px\">Vitrin\u0103 saladeta. Interval de temperatur\u0103: +2 p\u00e2n\u0103 la +10 \u00b0C; Clasa climatica: 4; Greutate brut\u0103\/net\u0103: 78 \/ 73 kg; Volum brut\/net: 78 \/ 78 l; Capacitate: GN 9 buc.; Picioare: 4 picioare reglabile; Finisaj exterior: CC304; Finisaj interior: CC304; SneezeGuard: Da; Numar separatoare 12 buc.; Tip controler: electronic; Tip de r\u0103cire: Static\u0103; Tip dezghetare: Manual; Agent frigorific: P600a; \u00cenc\u0103rcare agent frigorific: 40 g; Termometru: Da; Consum de energie: 4,56 kWh\/24h; Consum anual de energie: 1664 kWh\/an; Putere de intrare: 112 W; Tensiune: 220-240\/50 V\/Hz; Nivel de zgomot: 47 dB(A); Dimensiuni interioare (L\u0103xAdx\u00cen): 1645x305x155 mm; Dimensiuni exterioare (L\u0103xAdx\u00cen): 2000x395x225 mm; Dimensiuni ambalare (L\u0103xAdx\u00cen): 2080x440x310 mm; \u00cenc\u0103rcare container de 40 ft: 250 buc.<\/span><\/p>\n<p>&nbsp;<\/p>\n","protected":false},"featured_media":31885,"template":"","meta":[],"_links":{"self":[{"href":"https:\/\/evotek.md\/ro\/wp-json\/wp\/v2\/product\/41363"}],"collection":[{"href":"https:\/\/evotek.md\/ro\/wp-json\/wp\/v2\/product"}],"about":[{"href":"https:\/\/evotek.md\/ro\/wp-json\/wp\/v2\/types\/product"}],"wp:featuredmedia":[{"embeddable":true,"href":"https:\/\/evotek.md\/ro\/wp-json\/wp\/v2\/media\/31885"}],"wp:attachment":[{"href":"https:\/\/evotek.md\/ro\/wp-json\/wp\/v2\/media?parent=41363"}],"curies":[{"name":"wp","href":"https:\/\/api.w.org\/{rel}","templated":true}]}}