{"id":41347,"date":"2024-09-18T13:28:05","date_gmt":"2024-09-18T13:28:06","guid":{"rendered":"https:\/\/evotek.md\/?post_type=product&#038;p=41347"},"modified":"2024-09-18T13:29:53","modified_gmt":"2024-09-18T13:29:53","slug":"1h6x8","status":"publish","type":"product","link":"https:\/\/evotek.md\/ro\/produse\/echipamente-pentru-bar-si-cafea\/accesorii-pentru-bar-2\/1h6x8\/","title":{"rendered":"FORMA DIN INOX PENTRU COFETARIE \u00d880 mm, L60 mm -MARTELLATO-1H6X8"},"content":{"rendered":"<p><strong>FORMA DIN INOX PENTRU COFETARIE \u00d880 mm, L60 mm -MARTELLATO-1H6X8<\/strong>&#8211; Forma rotund\u0103 din o\u021bel inoxidabil, ideal\u0103 at\u00e2t pentru coacere, c\u00e2t \u0219i pentru congelarea deserturilor.<\/p>\n<p>Caracteristici<br \/>\nMaterial: inox<br \/>\nDiametru: 80 mm<br \/>\nInaltime: 60\u00a0 mm<br \/>\nCapacitate: 300 ml<\/p>\n<p>&nbsp;<\/p>\n","protected":false},"excerpt":{"rendered":"<p>Form\u0103 din inox pentru cofer\u0103rie. Diametru: 80 mm; Inaltime: 60\u00a0 mm; Capacitate: 300 ml.<\/p>\n","protected":false},"featured_media":41349,"template":"","meta":[],"_links":{"self":[{"href":"https:\/\/evotek.md\/ro\/wp-json\/wp\/v2\/product\/41347"}],"collection":[{"href":"https:\/\/evotek.md\/ro\/wp-json\/wp\/v2\/product"}],"about":[{"href":"https:\/\/evotek.md\/ro\/wp-json\/wp\/v2\/types\/product"}],"wp:featuredmedia":[{"embeddable":true,"href":"https:\/\/evotek.md\/ro\/wp-json\/wp\/v2\/media\/41349"}],"wp:attachment":[{"href":"https:\/\/evotek.md\/ro\/wp-json\/wp\/v2\/media?parent=41347"}],"curies":[{"name":"wp","href":"https:\/\/api.w.org\/{rel}","templated":true}]}}