{"id":41340,"date":"2024-09-18T13:17:51","date_gmt":"2024-09-18T13:17:51","guid":{"rendered":"https:\/\/evotek.md\/?post_type=product&#038;p=41340"},"modified":"2024-09-26T13:02:19","modified_gmt":"2024-09-26T13:02:19","slug":"1h6x6","status":"publish","type":"product","link":"https:\/\/evotek.md\/ro\/produse\/echipamente-pentru-bar-si-cafea\/accesorii-pentru-bar-2\/1h6x6\/","title":{"rendered":"FORMA DIN INOX PENTRU COFETARIE \u00d8100 mm, L60 mm -MARTELLATO-1H6X10"},"content":{"rendered":"<p><strong>FORMA DIN INOX PENTRU COFETARIE \u00d8100 mm, L60 mm -MARTELLATO-1H6X10<\/strong>&#8211; Forma rotund\u0103 din o\u021bel inoxidabil, ideal\u0103 at\u00e2t pentru coacere, c\u00e2t \u0219i pentru congelarea deserturilor.<\/p>\n<p>Caracteristici<br \/>\nMaterial: inox<br \/>\nDiametru: 100 mm<br \/>\nInaltime: 60\u00a0 mm<br \/>\nCapacitate: 170 ml<\/p>\n<p>&nbsp;<\/p>\n","protected":false},"excerpt":{"rendered":"<p>Form\u0103 din inox pentru cofer\u0103rie. Diametru: 100 mm; Inaltime: 60\u00a0 mm; Capacitate: 170 ml.<\/p>\n","protected":false},"featured_media":41344,"template":"","meta":[],"_links":{"self":[{"href":"https:\/\/evotek.md\/ro\/wp-json\/wp\/v2\/product\/41340"}],"collection":[{"href":"https:\/\/evotek.md\/ro\/wp-json\/wp\/v2\/product"}],"about":[{"href":"https:\/\/evotek.md\/ro\/wp-json\/wp\/v2\/types\/product"}],"wp:featuredmedia":[{"embeddable":true,"href":"https:\/\/evotek.md\/ro\/wp-json\/wp\/v2\/media\/41344"}],"wp:attachment":[{"href":"https:\/\/evotek.md\/ro\/wp-json\/wp\/v2\/media?parent=41340"}],"curies":[{"name":"wp","href":"https:\/\/api.w.org\/{rel}","templated":true}]}}