{"id":41303,"date":"2024-09-17T13:51:42","date_gmt":"2024-09-17T13:51:42","guid":{"rendered":"https:\/\/evotek.md\/?post_type=product&#038;p=41303"},"modified":"2024-09-26T12:48:27","modified_gmt":"2024-09-26T12:48:27","slug":"flex-034-cm","status":"publish","type":"product","link":"https:\/\/evotek.md\/ro\/produse\/fara-categorie\/flex-034-cm\/","title":{"rendered":"PUNGA DIN NAILON PENTRU PATISERIE 340 mm -MARTELLATO-FLEX034CM"},"content":{"rendered":"<p><strong>PUNGA DIN NAILON PENTRU PATISERIE 340 mm -MARTELLATO-FLEX034CM<br \/>\n<\/strong>Punga de cofetarie din nailon este folosit pentru decorarea produselor de cofetarie cu frisca, creme si pentru modelarea aluatului. Potrivit pentru unit\u0103\u021bi de alimenta\u021bie public\u0103 de diferite formate, brut\u0103rii, cofet\u0103rii, puncte de produc\u021bie \u0219i uz casnic.<\/p>\n<p>Geanta este fabricat\u0103 din nailon durabil \u0219i de \u00eenalt\u0103 calitate, cu un strat de poliuretan. Proiectat pentru utilizare reutilizabil\u0103. Echipat cu o balama ranforsata.<\/p>\n<p>Caracteristici<br \/>\nDimensiune: 340 mm<br \/>\nMaterial: nailon<\/p>\n","protected":false},"excerpt":{"rendered":"<p>Punga din nailon pentru patiserie. Dimensiune: 340 mm; Material: nailon.<\/p>\n","protected":false},"featured_media":41306,"template":"","meta":[],"_links":{"self":[{"href":"https:\/\/evotek.md\/ro\/wp-json\/wp\/v2\/product\/41303"}],"collection":[{"href":"https:\/\/evotek.md\/ro\/wp-json\/wp\/v2\/product"}],"about":[{"href":"https:\/\/evotek.md\/ro\/wp-json\/wp\/v2\/types\/product"}],"wp:featuredmedia":[{"embeddable":true,"href":"https:\/\/evotek.md\/ro\/wp-json\/wp\/v2\/media\/41306"}],"wp:attachment":[{"href":"https:\/\/evotek.md\/ro\/wp-json\/wp\/v2\/media?parent=41303"}],"curies":[{"name":"wp","href":"https:\/\/api.w.org\/{rel}","templated":true}]}}