{"id":41300,"date":"2024-09-17T13:48:10","date_gmt":"2024-09-17T13:48:10","guid":{"rendered":"https:\/\/evotek.md\/?post_type=product&#038;p=41300"},"modified":"2024-09-26T12:50:36","modified_gmt":"2024-09-26T12:50:36","slug":"std-034-cm","status":"publish","type":"product","link":"https:\/\/evotek.md\/ro\/produse\/fara-categorie\/std-034-cm\/","title":{"rendered":"PUNGA DIN BUMBAC PENTRU PATISERIE 340 mm -MARTELLATO-STD034CM"},"content":{"rendered":"<p><strong>PUNGA DIN BUMBAC PENTRU PATISERIE 280 mm -MARTELLATO-STD034CM<\/strong><br \/>\nPunga de cofetarie, din bumbac, se foloseste la decorarea produselor de cofetarie cu frisca, creme si pentru a da forma aluatului. Potrivit pentru unit\u0103\u021bi de alimenta\u021bie public\u0103 de diferite formate, brut\u0103rii, cofet\u0103rii, puncte de produc\u021bie \u0219i uz casnic.<\/p>\n<p>Geanta este realizata din fibre naturale de bumbac cu un strat de poliuretan. Potrivit pentru amestecuri mai dense. Proiectat pentru utilizare reutilizabil\u0103. Echipat cu o balama ranforsata.<\/p>\n<p>Caracteristici<br \/>\nDimensiune: 340 mm<br \/>\nMaterial: bumbac<\/p>\n","protected":false},"excerpt":{"rendered":"<p>Punga din bumbac pentru patiserie. Dimensiune: 340 mm; Material: bumbac.<\/p>\n","protected":false},"featured_media":41298,"template":"","meta":[],"_links":{"self":[{"href":"https:\/\/evotek.md\/ro\/wp-json\/wp\/v2\/product\/41300"}],"collection":[{"href":"https:\/\/evotek.md\/ro\/wp-json\/wp\/v2\/product"}],"about":[{"href":"https:\/\/evotek.md\/ro\/wp-json\/wp\/v2\/types\/product"}],"wp:featuredmedia":[{"embeddable":true,"href":"https:\/\/evotek.md\/ro\/wp-json\/wp\/v2\/media\/41298"}],"wp:attachment":[{"href":"https:\/\/evotek.md\/ro\/wp-json\/wp\/v2\/media?parent=41300"}],"curies":[{"name":"wp","href":"https:\/\/api.w.org\/{rel}","templated":true}]}}