{"id":41266,"date":"2024-09-17T10:04:38","date_gmt":"2024-09-17T10:04:38","guid":{"rendered":"https:\/\/evotek.md\/?post_type=product&#038;p=41266"},"modified":"2024-09-17T10:11:16","modified_gmt":"2024-09-17T10:11:16","slug":"upd78b","status":"publish","type":"product","link":"https:\/\/evotek.md\/ro\/produse\/echipamente-pentru-bar-si-cafea\/vitrine-frigorifice-pentru-patiserie-2\/upd78b\/","title":{"rendered":"VITRINA FRIGORIFICA PENTRU PATISERIE DE PODEA 78 LITRI (NEAGRA) -HKN-UPD78B"},"content":{"rendered":"<p><strong>VITRINA FRIGORIFICA PENTRU PATISERIE DE PODEA 78 LITRI (NEAGRA) -HKN-UPD78B-<\/strong> Vitrina frigorific\u0103 este conceput\u0103 pentru depozitarea b\u0103uturilor, gust\u0103rilor, salatelor, deserturilor \u0219i alimentelor perisabile cu o temperatur\u0103 de depozitare necesar\u0103 peste 0 \u00b0C.<\/p>\n<p>Caracteristici<br \/>\nVolum: 78 l<br \/>\nDesign vitrin\u0103: Cu sticl\u0103 dreapt\u0103<br \/>\nTip de instalare: pe podea<br \/>\nCol\u021b: Nu<br \/>\nInterval de temperatur\u0103 min-max: 2 &#8230; 8 \u00b0C<br \/>\nNumar rafturi: 3 buc<br \/>\nCuloare: negru<br \/>\nLoca\u021bia unit\u0103\u021bii: jos<br \/>\nTip de agent frigorific: R600a<br \/>\nLungime: 447 mm<br \/>\nLatime: 400 mm<br \/>\nInaltime: 969 mm<br \/>\nPutere: 0,2 kW<br \/>\nTensiune: 220 V<br \/>\nGreutate neta: 35 kg<br \/>\nGreutate bruta: 37 kg<br \/>\nLungime brut\u0103: 502 mm<br \/>\nLatime bruta: 456 mm<br \/>\nInaltime bruta: 1010 mm<br \/>\nIluminare LED: 3 rafturi<\/p>\n","protected":false},"excerpt":{"rendered":"<p>Vitrin\u0103 frigorific\u0103 de podea cu trei rafturi. Volum: 78 l; Design vitrin\u0103: Cu sticl\u0103 dreapt\u0103; Tip de instalare: pe podea; Col\u021b: Nu; Interval de temperatur\u0103 min-max: 2 &#8230; 8 \u00b0C; Numar rafturi: 3 buc; Culoare: negru; Loca\u021bia unit\u0103\u021bii: jos; Tip de agent frigorific: R600a; Lungime: 447 mm; Latime: 400 mm; Inaltime: 969 mm; Putere: 0,2 kW; Tensiune: 220 V; Greutate neta: 35 kg; Greutate bruta: 37 kg; Lungime brut\u0103: 502 mm; Latime bruta: 456 mm; Inaltime bruta: 1010 mm; Iluminare LED: 3 rafturi.<\/p>\n","protected":false},"featured_media":40861,"template":"","meta":[],"_links":{"self":[{"href":"https:\/\/evotek.md\/ro\/wp-json\/wp\/v2\/product\/41266"}],"collection":[{"href":"https:\/\/evotek.md\/ro\/wp-json\/wp\/v2\/product"}],"about":[{"href":"https:\/\/evotek.md\/ro\/wp-json\/wp\/v2\/types\/product"}],"wp:featuredmedia":[{"embeddable":true,"href":"https:\/\/evotek.md\/ro\/wp-json\/wp\/v2\/media\/40861"}],"wp:attachment":[{"href":"https:\/\/evotek.md\/ro\/wp-json\/wp\/v2\/media?parent=41266"}],"curies":[{"name":"wp","href":"https:\/\/api.w.org\/{rel}","templated":true}]}}