{"id":41250,"date":"2024-09-16T11:30:44","date_gmt":"2024-09-16T11:30:44","guid":{"rendered":"https:\/\/evotek.md\/?post_type=product&#038;p=41250"},"modified":"2024-09-16T11:36:28","modified_gmt":"2024-09-16T11:36:28","slug":"m-09501002","status":"publish","type":"product","link":"https:\/\/evotek.md\/ro\/produse\/echipament-de-ambalare-vacuum\/m-09501002\/","title":{"rendered":"AMBALATOR VACUUM (PUNGI RIFLATE) 310 mm -M-09501002"},"content":{"rendered":"<p><strong>AMBALATOR VACUUM (PUNGI RIFLATE) 310 mm -M-09501002<\/strong><\/p>\n<p>Folosind folie de vid, pe care o po\u021bi comanda cu u\u0219urin\u021b\u0103, \u00ee\u021bi po\u021bi \u00eempacheta m\u00e2ncarea rapid \u0219i str\u00e2ns. \u00cen plus, procesul este complet automatizat. Timpul de vid, presiunea de vid, timpul de etan\u0219are \u0219i temperatura de etan\u0219are sunt reglabile individual. Dispozitivul de sigilare \u00een vid are, de asemenea, o func\u021bie separat\u0103 de puls pentru sigilarea \u00een vid a alimentelor moi. \u00cen dou\u0103 secunde, alimentele vor fi sigilate. De asemenea, le pute\u021bi sigila singur f\u0103r\u0103 puls. V\u0103 rug\u0103m s\u0103 re\u021bine\u021bi c\u0103 acest aparat de buc\u0103t\u0103rie este potrivit doar pentru pungi de evacuare. Alimentele pot fi sigilate p\u00e2n\u0103 la 0,96 bari, iar sigilatorul \u00een vid este echipat cu o pomp\u0103 dubl\u0103. Un furtun special pentru aceast\u0103 ma\u0219in\u0103 este v\u00e2ndut separat \u00een sec\u021biunea Accesorii.<\/p>\n<p>Fabricat din o\u021bel inoxidabil.<\/p>\n<p>Corpul acestui aparat de etan\u0219are sub vid de lux este realizat din o\u021bel inoxidabil. Poate fi cur\u0103\u021bat cu o c\u00e2rp\u0103 umed\u0103 \u0219i detergent u\u0219or. Nu folosi\u021bi prea mult\u0103 ap\u0103 pentru a cur\u0103\u021ba acest dispozitiv. Dispozitivul de etan\u0219are cu vid se sprijin\u0103 pe patru picioare de cauciuc pentru a r\u0103m\u00e2ne pe loc \u00een timpul utiliz\u0103rii.<\/p>\n<p>Caracteristici<br \/>\nGreutate: 5,1 kg<br \/>\nDimensiuni: 390x275x130cm<br \/>\nDimensiuni bara de sigilare: 310 x 5 mm<br \/>\nPutere electrica: 230V\/50Hz\/1 faza 475W<br \/>\nCiclu de ambalare complet automat<br \/>\nCarcasa din otel inoxidabil<br \/>\nHusa transparenta din PMMA<br \/>\nFunc\u021bie de vid cu puls pentru produse moi<br \/>\nPanou de control digital convenabil<br \/>\nSt\u0103 pe patru picioare de cauciuc.<\/p>\n","protected":false},"excerpt":{"rendered":"<p>Ambalator vacuum. Greutate: 5,1 kg; Dimensiuni: 390x275x130cm; Dimensiuni bara de sigilare: 310 x 5 mm; Putere electrica: 230V\/50Hz\/1 faza 475W; Ciclu de ambalare complet automat; Carcasa din otel inoxidabil; Husa transparenta din PMMA; Func\u021bie de vid cu puls pentru produse moi; Panou de control digital convenabil; St\u0103 pe patru picioare de cauciuc.<\/p>\n","protected":false},"featured_media":6755,"template":"","meta":[],"_links":{"self":[{"href":"https:\/\/evotek.md\/ro\/wp-json\/wp\/v2\/product\/41250"}],"collection":[{"href":"https:\/\/evotek.md\/ro\/wp-json\/wp\/v2\/product"}],"about":[{"href":"https:\/\/evotek.md\/ro\/wp-json\/wp\/v2\/types\/product"}],"wp:featuredmedia":[{"embeddable":true,"href":"https:\/\/evotek.md\/ro\/wp-json\/wp\/v2\/media\/6755"}],"wp:attachment":[{"href":"https:\/\/evotek.md\/ro\/wp-json\/wp\/v2\/media?parent=41250"}],"curies":[{"name":"wp","href":"https:\/\/api.w.org\/{rel}","templated":true}]}}