{"id":41235,"date":"2024-09-16T10:35:15","date_gmt":"2024-09-16T10:35:15","guid":{"rendered":"https:\/\/evotek.md\/?post_type=product&#038;p=41235"},"modified":"2024-10-16T08:58:27","modified_gmt":"2024-10-16T08:58:27","slug":"cutter-7","status":"publish","type":"product","link":"https:\/\/evotek.md\/ro\/produse\/fara-categorie\/cutter-7\/","title":{"rendered":"CUTIT PENTRU ALUAT 90 mm -MARTELLATO-CUTTER7"},"content":{"rendered":"<p><strong>CUTIT PENTRU ALUAT 90 mm -MARTELLATO-CUTTER7-<\/strong> Cu\u021bit de brutarie este conceput pentru decorarea cu u\u0219urin\u021b\u0103 a aluatului \u0219i a semifabricatelor din unitatile de alimentatie publica. Modelul este echipat cu o lam\u0103 dreptunghiular\u0103 neted\u0103 din o\u021bel inoxidabil.<\/p>\n<p>Caracteristici<br \/>\nLungimea lamei: 90 mm<\/p>\n","protected":false},"excerpt":{"rendered":"<p>Cutit profesional cu lama neteda din otel inoxidabil si maner de plastic rosu; Dimensiune cu\u021bit: 90 mm<\/p>\n","protected":false},"featured_media":41238,"template":"","meta":[],"_links":{"self":[{"href":"https:\/\/evotek.md\/ro\/wp-json\/wp\/v2\/product\/41235"}],"collection":[{"href":"https:\/\/evotek.md\/ro\/wp-json\/wp\/v2\/product"}],"about":[{"href":"https:\/\/evotek.md\/ro\/wp-json\/wp\/v2\/types\/product"}],"wp:featuredmedia":[{"embeddable":true,"href":"https:\/\/evotek.md\/ro\/wp-json\/wp\/v2\/media\/41238"}],"wp:attachment":[{"href":"https:\/\/evotek.md\/ro\/wp-json\/wp\/v2\/media?parent=41235"}],"curies":[{"name":"wp","href":"https:\/\/api.w.org\/{rel}","templated":true}]}}