{"id":41228,"date":"2024-09-16T10:28:19","date_gmt":"2024-09-16T10:28:19","guid":{"rendered":"https:\/\/evotek.md\/?post_type=product&#038;p=41228"},"modified":"2024-09-16T10:32:21","modified_gmt":"2024-09-16T10:32:21","slug":"martellato-silicopat1-r","status":"publish","type":"product","link":"https:\/\/evotek.md\/ro\/produse\/fara-categorie\/martellato-silicopat1-r\/","title":{"rendered":"COVORAS DIN SILICON 600x400x14 mm -MARTELLATO-SILICOPAT1\/R"},"content":{"rendered":"<p><strong>COVORAS DIN SILICON 600x400x14 mm -MARTELLATO-SILICOPAT1\/R<\/strong><br \/>\nCovora\u0219ul este fabricat 100% din silicon alimentar \u0219i poate fi folosit at\u00e2t \u00een \u200b\u200baparatul de r\u0103cire rapid\u0103, c\u00e2t \u0219i \u00een cuptor. Conceput pentru coacerea eclerelor. Foile de silicon pot fi spalate cu usurinta cu un burete sub apa fierbinte sau in masina de spalat vase. Se recomand\u0103 s\u0103 pudra\u021bi foaia cu f\u0103in\u0103, pudr\u0103 de cacao sau zah\u0103r pudr\u0103 \u00eenainte de a o folosi.<\/p>\n<p>Caracteristici<br \/>\nDimensiuni: 600&#215;400 mm<br \/>\nMaterial: silicon<\/p>\n","protected":false},"excerpt":{"rendered":"<p>Covoras din silicon. Dimensiuni: 600&#215;400 mm.<\/p>\n","protected":false},"featured_media":41233,"template":"","meta":[],"_links":{"self":[{"href":"https:\/\/evotek.md\/ro\/wp-json\/wp\/v2\/product\/41228"}],"collection":[{"href":"https:\/\/evotek.md\/ro\/wp-json\/wp\/v2\/product"}],"about":[{"href":"https:\/\/evotek.md\/ro\/wp-json\/wp\/v2\/types\/product"}],"wp:featuredmedia":[{"embeddable":true,"href":"https:\/\/evotek.md\/ro\/wp-json\/wp\/v2\/media\/41233"}],"wp:attachment":[{"href":"https:\/\/evotek.md\/ro\/wp-json\/wp\/v2\/media?parent=41228"}],"curies":[{"name":"wp","href":"https:\/\/api.w.org\/{rel}","templated":true}]}}