{"id":41223,"date":"2024-09-16T10:20:56","date_gmt":"2024-09-16T10:20:56","guid":{"rendered":"https:\/\/evotek.md\/?post_type=product&#038;p=41223"},"modified":"2024-09-16T10:25:03","modified_gmt":"2024-09-16T10:25:03","slug":"martellato-53ta60404","status":"publish","type":"product","link":"https:\/\/evotek.md\/ro\/produse\/fara-categorie\/martellato-53ta60404\/","title":{"rendered":"TAVA DIN ALUMINIU 600x400x14 mm -MARTELLATO-53TA60404"},"content":{"rendered":"<p><strong>TAVA DIN ALUMINIU 600x400x14 mm -MARTELLATO-53TA60404<\/strong><\/p>\n<p>O tav\u0103 de copt din aluminiu de \u00eenalt\u0103 calitate are o suprafa\u021b\u0103 perfect plan\u0103 \u0219i neted\u0103 de care alimentele nu se lipesc. Orice fel de m\u00e2ncare g\u0103tit pe o foaie de copt se dovede\u0219te aromat, gustos \u0219i dietetic. Deco se poate spala usor si simplu cu apa plata si o cantitate mica de detergent se poate spala in masina de spalat vase. Tava fiabil\u0103 de copt este fabricat\u0103 din aluminiu sigur pentru alimente \u0219i are propriet\u0103\u021bi naturale antiaderente. Materialul este rezistent la efectele negative ale acidului \u0219i poate rezista la temperaturi ridicate. Nu absoarbe excesul de gr\u0103sime. Aspectul atractiv \u0219i durabilitatea sunt cele dou\u0103 avantaje principale ale t\u0103vii de copt a m\u0103rcii italiene Martellato.<\/p>\n<p>Caracteristici<br \/>\nInaltime: 15 mm<br \/>\nDimensiuni: 600&#215;400 mm<br \/>\nMaterial: Aluminiu<\/p>\n","protected":false},"excerpt":{"rendered":"<p>Tava din aluminiu. Inaltime: 15 mm; Dimensiuni: 600&#215;400 mm; Material: Aluminiu.<\/p>\n","protected":false},"featured_media":41226,"template":"","meta":[],"_links":{"self":[{"href":"https:\/\/evotek.md\/ro\/wp-json\/wp\/v2\/product\/41223"}],"collection":[{"href":"https:\/\/evotek.md\/ro\/wp-json\/wp\/v2\/product"}],"about":[{"href":"https:\/\/evotek.md\/ro\/wp-json\/wp\/v2\/types\/product"}],"wp:featuredmedia":[{"embeddable":true,"href":"https:\/\/evotek.md\/ro\/wp-json\/wp\/v2\/media\/41226"}],"wp:attachment":[{"href":"https:\/\/evotek.md\/ro\/wp-json\/wp\/v2\/media?parent=41223"}],"curies":[{"name":"wp","href":"https:\/\/api.w.org\/{rel}","templated":true}]}}