{"id":41195,"date":"2024-09-16T08:12:01","date_gmt":"2024-09-16T08:12:01","guid":{"rendered":"https:\/\/evotek.md\/?post_type=product&#038;p=41195"},"modified":"2024-10-16T08:22:24","modified_gmt":"2024-10-16T08:22:24","slug":"martellato-30tc55","status":"publish","type":"product","link":"https:\/\/evotek.md\/ro\/produse\/echipamente-pentru-bar-si-cafea\/accesorii-pentru-bar-2\/martellato-30tc55\/","title":{"rendered":"FORMA DIN INOX PENTRU COFETARIE 80&#215;80 mm -MARTELLATO-30TC55"},"content":{"rendered":"<p><strong>FORMA DIN INOX PENTRU COFETARIE 80&#215;80 mm -MARTELLATO-30TC55<\/strong>&#8211; p\u0103trat de dulciuri 8&#215;8 cm, creat\u0103 \u00een colaborare cu celebrul patiser Frank Haasnoot.<\/p>\n<p>Forma din o\u021bel inoxidabil este fabricat\u0103 \u00een Italia \u0219i este ideal\u0103 pentru crearea de produse de patiserie geometrice. Dezl\u0103n\u021bui\u021bi-v\u0103 creativitatea folosind diferite aluaturi: foietaj, brio\u0219\u0103, pr\u0103jituri cu prune, p\u00e2ine, foietaj \u0219i diverse pr\u0103jituri.<\/p>\n<p>Caracteristici<br \/>\nDimensiuni totale (cu capac): 10,3&#215;8,6&#215;8,3 cm<br \/>\nDimensiuni prajitura: 8x8x8 cm<br \/>\nCapacitate: 510 ml<br \/>\nUtilizare: de la -60\u00b0\u0421 la +230\u00b0\u0421<br \/>\nUsor de intretinut, se poate masina de spalat vase<br \/>\nFabricat in Italia, marca: Martellato<br \/>\n\u00centr-o tav\u0103 de 60&#215;40 cm \u00eencap p\u00e2n\u0103 la 20 de buc\u0103\u021bi<\/p>\n","protected":false},"excerpt":{"rendered":"<p>Form\u0103 din inox pentru cofet\u0103rie. Dimensiuni totale (cu capac): 10,3&#215;8,6&#215;8,3 cm; Dimensiuni prajitura: 8x8x8 cm; Capacitate: 510 ml; Utilizare: de la -60\u00b0\u0421 la +230\u00b0\u0421; Usor de intretinut, se poate masina de spalat vase; Fabricat in Italia, marca: Martellato; \u00centr-o tav\u0103 de 60&#215;40 cm \u00eencap p\u00e2n\u0103 la 20 de buc\u0103\u021bi.<\/p>\n","protected":false},"featured_media":41199,"template":"","meta":[],"_links":{"self":[{"href":"https:\/\/evotek.md\/ro\/wp-json\/wp\/v2\/product\/41195"}],"collection":[{"href":"https:\/\/evotek.md\/ro\/wp-json\/wp\/v2\/product"}],"about":[{"href":"https:\/\/evotek.md\/ro\/wp-json\/wp\/v2\/types\/product"}],"wp:featuredmedia":[{"embeddable":true,"href":"https:\/\/evotek.md\/ro\/wp-json\/wp\/v2\/media\/41199"}],"wp:attachment":[{"href":"https:\/\/evotek.md\/ro\/wp-json\/wp\/v2\/media?parent=41195"}],"curies":[{"name":"wp","href":"https:\/\/api.w.org\/{rel}","templated":true}]}}