{"id":41153,"date":"2024-09-12T08:21:57","date_gmt":"2024-09-12T08:21:57","guid":{"rendered":"https:\/\/evotek.md\/?post_type=product&#038;p=41153"},"modified":"2024-09-12T08:38:49","modified_gmt":"2024-09-12T08:38:49","slug":"m-09366100","status":"publish","type":"product","link":"https:\/\/evotek.md\/ro\/produse\/echipamente-electromecanice\/storcatoare-electrice\/m-09366100\/","title":{"rendered":"STORCATOR UNIVERSAL, ELECTRIC 3000 \u0219i 7200 rpm -M-09366100"},"content":{"rendered":"<p><strong>STORCATOR UNIVERSAL, ELECTRIC 3000 \u0219i 7200 rpm -M-09366100<\/strong><\/p>\n<p>Acest storcator este un must-have pentru orice bucatarie sau bar care serveste sucuri proaspat stoarse. Fructele proaspete \u0219i legumele (cu frunze) sunt m\u0103cinate rapid \u0219i profesional \u00eentr-o pulp\u0103. Pute\u021bi apoi umple cu u\u0219urin\u021b\u0103 paharul folosind robinetul convenabil.<\/p>\n<p><strong>Sucul stors cu pulp\u0103<\/strong><br \/>\nA\u0219eza\u021bi storcatorul pe o suprafa\u021b\u0103 vertical\u0103 \u0219i sp\u0103la\u021bi bine fructele \u0219i legumele. Dac\u0103 este necesar, t\u0103ia\u021bi-le \u00een buc\u0103\u021bi mai mici pentru a trece prin gaur\u0103. Pune\u021bi fructele \u0219i legumele \u00een gaur\u0103 \u0219i pune\u021bi \u00eemping\u0103torul deasupra. Pune\u021bi paharul sub robinet. Porni\u021bi ma\u0219ina \u0219i \u00eempinge\u021bi treptat alimentele \u00een jos. Aparatul macin\u0103 m\u00e2ncarea \u0219i \u00eempinge sucul la robinet. Pulpa r\u0103mas\u0103 este colectat\u0103 \u00eentr-un recipient pentru de\u0219euri. Umple\u021bi paharul folosind robinetul. Dac\u0103 dori\u021bi, pute\u021bi pune resturile \u00eenapoi \u00een ma\u0219in\u0103 pentru a extrage \u0219i mai mult suc.<\/p>\n<p><strong>Cur\u0103\u021barea storc\u0103torului<\/strong><br \/>\nAcest storcator vine cu un filtru din otel inoxidabil care trebuie curatat dupa fiecare utilizare. Opri\u021bi ma\u0219ina \u0219i scoate\u021bi filtrul. Pute\u021bi \u00eendep\u0103rta reziduurile alimentare folosind h\u00e2rtie de buc\u0103t\u0103rie \u0219i pute\u021bi cl\u0103ti u\u0219or filtrul de sub robinet folosind peria inclus\u0103 \u00een kit. Scoate\u021bi robinetul \u0219i recipientul pentru de\u0219euri. Arunca\u021bi resturile de m\u00e2ncare \u0219i sp\u0103la\u021bi-o cu ap\u0103 cu s\u0103pun. Carcasa din plastic este u\u0219or de cur\u0103\u021bat cu o c\u00e2rp\u0103 umed\u0103. Asambla\u021bi robinetul, recipientul pentru de\u0219euri \u0219i filtrul \u0219i depozita\u021bi ma\u0219ina.<\/p>\n<p>Caracteristici<br \/>\nLatime: 24 cm<br \/>\nAd\u00e2ncime: 45 cm<br \/>\nInaltime: 53 cm<br \/>\nGreutate: 7 kg<br \/>\nTip de alimentare: 230V<br \/>\nNumar de furci: 1<br \/>\nPutere electrica: 500 Watt<br \/>\nCapacitate container de\u0219euri: 5 l<br \/>\nDiametrul de alimentare: \u00d87.5 cm<br \/>\nViteza: 3000 si 7200 rpm<br \/>\nConexiune: 230 V \/ 50 Hz \/ 1 faza 500 W<br \/>\nRobinet de suc convenabil<br \/>\nFiltru din o\u021bel inoxidabil pentru cur\u0103\u021bare u\u0219oar\u0103<br \/>\nRecipiente separate pentru pulp\u0103 \u0219i suc<br \/>\nMa\u0219in\u0103 relativ silen\u021bioas\u0103 la 70 dB<\/p>\n","protected":false},"excerpt":{"rendered":"<p>Storcator universal. Latime: 24 cm; Ad\u00e2ncime: 45 cm; Inaltime: 53 cm; Greutate: 7 kg; Tip de alimentare: 230V; Numar de furci: 1; Putere electrica: 500 Watt; Capacitate container de\u0219euri: 5 l; Diametrul de alimentare: \u00d87.5 cm; Viteza: 3000 si 7200 rpm; Conexiune: 230 V \/ 50 Hz \/ 1 faza 500 W; Robinet de suc convenabil; Filtru din o\u021bel inoxidabil pentru cur\u0103\u021bare u\u0219oar\u0103; Recipiente separate pentru pulp\u0103 \u0219i suc; Ma\u0219in\u0103 relativ silen\u021bioas\u0103 la 70 dB.<\/p>\n","protected":false},"featured_media":41155,"template":"","meta":[],"_links":{"self":[{"href":"https:\/\/evotek.md\/ro\/wp-json\/wp\/v2\/product\/41153"}],"collection":[{"href":"https:\/\/evotek.md\/ro\/wp-json\/wp\/v2\/product"}],"about":[{"href":"https:\/\/evotek.md\/ro\/wp-json\/wp\/v2\/types\/product"}],"wp:featuredmedia":[{"embeddable":true,"href":"https:\/\/evotek.md\/ro\/wp-json\/wp\/v2\/media\/41155"}],"wp:attachment":[{"href":"https:\/\/evotek.md\/ro\/wp-json\/wp\/v2\/media?parent=41153"}],"curies":[{"name":"wp","href":"https:\/\/api.w.org\/{rel}","templated":true}]}}