{"id":41145,"date":"2024-09-04T09:12:02","date_gmt":"2024-09-04T09:12:02","guid":{"rendered":"https:\/\/evotek.md\/?post_type=product&#038;p=41145"},"modified":"2024-09-04T09:17:25","modified_gmt":"2024-09-04T09:17:25","slug":"sita-industriala-pentru-faina-150-kg-h-vp-0-15","status":"publish","type":"product","link":"https:\/\/evotek.md\/ro\/produse\/fara-categorie\/sita-industriala-pentru-faina-150-kg-h-vp-0-15\/","title":{"rendered":"SITA INDUSTRIALA PENTRU FAINA, 150 kg\/h -VP-0.15"},"content":{"rendered":"<p><strong>SITA INDUSTRIALA PENTRU FAINA, 150 kg\/h -VP-0.15<\/strong>&#8211; Cernerea este destinat\u0103 separarii f\u0103inii de impurit\u0103\u021bile str\u0103ine, precum \u0219i pentru af\u00e2narea \u0219i aerisirea f\u0103inii \u00een unit\u0103\u021bile de alimenta\u021bie public\u0103, brut\u0103rii, cofet\u0103rii etc. Dupa transport la temperaturi sub 0C, inainte de punerea in functiune a echipamentului, acesta trebuie tinut la temperatura camerei timp de 8 ore.<br \/>\n<em><strong>Procedura de lucru:<\/strong><\/em><br \/>\nSe instaleaza o sita corespunzatoare tipului de faina. Asezati un recipient sub tava pentru a colecta faina cernuta. Turna\u021bi aproximativ 10 kg de f\u0103in\u0103 \u00een bunc\u0103r \u0219i porni\u021bi sit\u0103. Pe m\u0103sur\u0103 ce se epuizeaz\u0103 f\u0103ina, ad\u0103uga\u021bi-o \u00een por\u021bii \u00een bunc\u0103rul de \u00eenc\u0103rcare. Opri\u021bi periodic sitarul \u0219i \u00eendep\u0103rta\u021bi impurit\u0103\u021bile acumulate din bunc\u0103rul de alimentare. Pentru a face acest lucru, trebuie s\u0103 deconecta\u021bi partea superioar\u0103 a corpului de cea inferioar\u0103 \u0219i, dac\u0103 este necesar, \u00eendep\u0103rta\u021bi sita \u0219i bate\u021bi u\u0219or pe o suprafa\u021b\u0103 de lemn pentru a \u00eendep\u0103rta impurit\u0103\u021bile din sit\u0103.<\/p>\n<p>Caracteristici<br \/>\nCapacitate bunc\u0103r: 15 kg<br \/>\nDimensiunea celulei site: 1 mm<br \/>\nCapacitate: 150 kg\/h<br \/>\nDimensiuni (LuxLax\u00cen): 510&#215;680 mm<br \/>\nPutere: 0,15 kW<br \/>\nTensiune: 220 V<br \/>\nGreutate: 32 kg<\/p>\n","protected":false},"excerpt":{"rendered":"<p>Capacitate bunc\u0103r: 15 kg; Dimensiunea celulei site: 1 mm; Capacitate: 150 kg\/h; Dimensiuni (LuxLax\u00cen): 510&#215;680 mm; Putere: 0,15 kW; Tensiune: 220 V; Greutate: 32 kg.<\/p>\n","protected":false},"featured_media":41148,"template":"","meta":[],"_links":{"self":[{"href":"https:\/\/evotek.md\/ro\/wp-json\/wp\/v2\/product\/41145"}],"collection":[{"href":"https:\/\/evotek.md\/ro\/wp-json\/wp\/v2\/product"}],"about":[{"href":"https:\/\/evotek.md\/ro\/wp-json\/wp\/v2\/types\/product"}],"wp:featuredmedia":[{"embeddable":true,"href":"https:\/\/evotek.md\/ro\/wp-json\/wp\/v2\/media\/41148"}],"wp:attachment":[{"href":"https:\/\/evotek.md\/ro\/wp-json\/wp\/v2\/media?parent=41145"}],"curies":[{"name":"wp","href":"https:\/\/api.w.org\/{rel}","templated":true}]}}