{"id":41128,"date":"2024-09-03T14:54:22","date_gmt":"2024-09-03T14:54:22","guid":{"rendered":"https:\/\/evotek.md\/?post_type=product&#038;p=41128"},"modified":"2024-09-03T14:57:22","modified_gmt":"2024-09-03T14:57:22","slug":"se-40-2","status":"publish","type":"product","link":"https:\/\/evotek.md\/ro\/produse\/echipamente-termice\/tigaie-basculanta\/se-40-2\/","title":{"rendered":"TIGAIE BASCULANTA ELECTRICA, 40 LITRI -SE-40.2"},"content":{"rendered":"<p><strong>TIGAIE BASCULANTA ELECTRICA, 40 LITRI -SE-40.2-<\/strong> O tigaie electrica cu vas basculant din fonta este conceputa pentru prajirea alimentelor in unitatile de alimentatie publica.<\/p>\n<p>Facilitati:<br \/>\nSuprafa\u021ba de lucru, capacul \u0219i panoul de control sunt realizate din o\u021bel inoxidabil.<br \/>\nMaterial bol: font\u0103, grosime 10 mm.<br \/>\nCapacul tigaii este fixat ferm \u00een orice pozi\u021bie cu un z\u0103vor.<br \/>\nTigaia este echipata cu un sistem de compensare a greutatii capacului pentru a facilita ridicarea acesteia.<br \/>\nForma special\u0103 a m\u00e2nerului asigur\u0103 acces facil atunci c\u00e2nd capacul este deschis.<br \/>\nCapacul este echipat cu protectie impotriva scurgerii de condens in afara vasului.<\/p>\n<p>Caracteristici<br \/>\nVolum bol: 40 l<br \/>\nDimensiunea bolului interior: 500x580x140 mm<br \/>\nMaterial bol: font\u0103<br \/>\nControlul temperaturii: 50-300 C<br \/>\nMecanism de basculare: manual<br \/>\nTensiune: 380 V<br \/>\nPutere 5,0 kW<br \/>\nDimensiuni: 1405x830x885 mm<br \/>\nGreutate: 135 kg<\/p>\n<p>&nbsp;<\/p>\n<p>&nbsp;<\/p>\n","protected":false},"excerpt":{"rendered":"<p>Tigaie basculanta. Volum bol: 40 l; Dimensiunea bolului interior: 500x580x140 mm; Material bol: font\u0103; Controlul temperaturii: 50-300 C; Mecanism de basculare: manual; Tensiune: 380 V; Putere 5,0 kW; Dimensiuni: 1405x830x885 mm; Greutate: 135 kg.<\/p>\n<p>&nbsp;<\/p>\n","protected":false},"featured_media":41133,"template":"","meta":[],"_links":{"self":[{"href":"https:\/\/evotek.md\/ro\/wp-json\/wp\/v2\/product\/41128"}],"collection":[{"href":"https:\/\/evotek.md\/ro\/wp-json\/wp\/v2\/product"}],"about":[{"href":"https:\/\/evotek.md\/ro\/wp-json\/wp\/v2\/types\/product"}],"wp:featuredmedia":[{"embeddable":true,"href":"https:\/\/evotek.md\/ro\/wp-json\/wp\/v2\/media\/41133"}],"wp:attachment":[{"href":"https:\/\/evotek.md\/ro\/wp-json\/wp\/v2\/media?parent=41128"}],"curies":[{"name":"wp","href":"https:\/\/api.w.org\/{rel}","templated":true}]}}