{"id":41118,"date":"2024-08-29T09:10:22","date_gmt":"2024-08-29T09:10:22","guid":{"rendered":"https:\/\/evotek.md\/?post_type=product&#038;p=41118"},"modified":"2024-08-29T13:25:21","modified_gmt":"2024-08-29T13:25:21","slug":"emp-pls-7ke030-p","status":"publish","type":"product","link":"https:\/\/evotek.md\/ro\/produse\/echipamente-termice\/plite-electrice\/emp-pls-7ke030-p\/","title":{"rendered":"PLITA ELECTRICA CU 6 ARZATOARE -EMP.PLS.7KE030-P"},"content":{"rendered":"<p><strong>PLITA ELECTRICA CU 6 ARZATOARE -EMP.PLS.7KE030-P<\/strong>&#8211;\u00a0 Plita electric\u0103 este folosit\u0103 \u00een \u00eentreprinderile de alimenta\u021bie public\u0103 \u0219i comer\u021b pentru a preg\u0103ti o gam\u0103 larg\u0103 de bucate. Modelul este echipat cu 6 regulatoare de temperatur\u0103, fiecare av\u00e2nd 6 pozi\u021bii. Carcasa este din inox. Igienic \u0219i u\u0219or de cur\u0103\u021bat. Sec\u021biunea cablurilor: 5&#215;4 mm.<\/p>\n<p>Caracteristici<br \/>\nInstalare: de masa<br \/>\nNumar de arzatoare: 6<br \/>\nConexiune: electric\u0103<br \/>\nPutere: 24 kW<br \/>\nTensiune de alimentare: 380 V<br \/>\nLatime: 1200 mm<br \/>\nAd\u00e2ncime: 730 mm<br \/>\nInaltime: 300 mm<br \/>\nGreutate: 125 kg<br \/>\nMaterial suprafa\u021b\u0103 \u00eenc\u0103lzit\u0103: font\u0103<br \/>\n\u021aara de origine: Turcia<\/p>\n","protected":false},"excerpt":{"rendered":"<p>Plit\u0103 electric\u0103 cu 6 arz\u0103toare. Instalare: de masa; Conexiune: electric\u0103; Putere: 24 kW; Tensiune de alimentare: 380 V; Latime: 1200 mm; Ad\u00e2ncime: 730 mm; Inaltime: 300 mm; Greutate: 125 kg; Material suprafa\u021b\u0103 \u00eenc\u0103lzit\u0103: font\u0103; \u021aara de origine: Turcia.<\/p>\n<p>&nbsp;<\/p>\n","protected":false},"featured_media":41125,"template":"","meta":[],"_links":{"self":[{"href":"https:\/\/evotek.md\/ro\/wp-json\/wp\/v2\/product\/41118"}],"collection":[{"href":"https:\/\/evotek.md\/ro\/wp-json\/wp\/v2\/product"}],"about":[{"href":"https:\/\/evotek.md\/ro\/wp-json\/wp\/v2\/types\/product"}],"wp:featuredmedia":[{"embeddable":true,"href":"https:\/\/evotek.md\/ro\/wp-json\/wp\/v2\/media\/41125"}],"wp:attachment":[{"href":"https:\/\/evotek.md\/ro\/wp-json\/wp\/v2\/media?parent=41118"}],"curies":[{"name":"wp","href":"https:\/\/api.w.org\/{rel}","templated":true}]}}