{"id":41115,"date":"2024-08-29T09:02:51","date_gmt":"2024-08-29T09:02:51","guid":{"rendered":"https:\/\/evotek.md\/?post_type=product&#038;p=41115"},"modified":"2024-08-29T09:07:39","modified_gmt":"2024-08-29T09:07:39","slug":"emp-pls-7ke020-p","status":"publish","type":"product","link":"https:\/\/evotek.md\/ro\/produse\/echipamente-termice\/plite-electrice\/emp-pls-7ke020-p\/","title":{"rendered":"PLITA ELECTRICA CU 4 ARZATOARE -EMP.PLS.7KE020-P"},"content":{"rendered":"<p><strong>PLITA ELECTRICA CU 4 ARZATOARE -EMP.PLS.7KE020-P<\/strong>&#8211; Plita se foloseste atat in micile snack-baruri, baruri, restaurante, cat si in marile unitati de catering.<\/p>\n<p>Caracteristici<br \/>\nControl: mecanic<br \/>\nNumar de arzatoare: 4<br \/>\nPutere totala: 9000 W<br \/>\nMaterial arzator: fonta<br \/>\nMaterial: otel inoxidabil<br \/>\nCuloare: otel inoxidabil<br \/>\nDimensiuni (LaxAdx\u00cen): 800x730x300 mm<br \/>\nGreutate: 65 kg<br \/>\nSec\u021biunea cablului: 5&#215;2,5 mm<br \/>\n4 pozitii termostat<br \/>\n\u021aara de origine: Turcia<\/p>\n<p>&nbsp;<\/p>\n<p>&nbsp;<\/p>\n","protected":false},"excerpt":{"rendered":"<p>Plit\u0103 electric\u0103 cu 4 arz\u0103toare. Control: mecanic; Numar de arzatoare: 4; Putere totala: 9000 W; Material arzator: fonta; Material: otel inoxidabil; Culoare: otel inoxidabil; Dimensiuni (LaxAdx\u00cen): 800x730x300 mm; Greutate: 65 kg; Sec\u021biunea cablului: 5&#215;2,5 mm; 4 pozitii termostat; \u021aara de origine: Turcia.<\/p>\n<p>&nbsp;<\/p>\n<p>&nbsp;<\/p>\n","protected":false},"featured_media":41122,"template":"","meta":[],"_links":{"self":[{"href":"https:\/\/evotek.md\/ro\/wp-json\/wp\/v2\/product\/41115"}],"collection":[{"href":"https:\/\/evotek.md\/ro\/wp-json\/wp\/v2\/product"}],"about":[{"href":"https:\/\/evotek.md\/ro\/wp-json\/wp\/v2\/types\/product"}],"wp:featuredmedia":[{"embeddable":true,"href":"https:\/\/evotek.md\/ro\/wp-json\/wp\/v2\/media\/41122"}],"wp:attachment":[{"href":"https:\/\/evotek.md\/ro\/wp-json\/wp\/v2\/media?parent=41115"}],"curies":[{"name":"wp","href":"https:\/\/api.w.org\/{rel}","templated":true}]}}