{"id":41103,"date":"2024-08-19T11:52:59","date_gmt":"2024-08-19T11:52:59","guid":{"rendered":"https:\/\/evotek.md\/?post_type=product&#038;p=41103"},"modified":"2024-08-19T12:03:14","modified_gmt":"2024-08-19T12:03:14","slug":"hkn-acb4625b-w","status":"publish","type":"product","link":"https:\/\/evotek.md\/ro\/produse\/echipamente-frigorifice\/congelator-cu-soc-termic\/hkn-acb4625b-w\/","title":{"rendered":"MASINA DE PRODUS GHEATA (CUB) 46 kg\/24 ore -HKN-ACB4625B W"},"content":{"rendered":"<p><strong>MASINA DE PRODUS GHEATA (CUB) 46 kg\/24 ore -HKN-ACB4625B W<\/strong>&#8211; este proiectat pentru fabricarea de ghea\u021b\u0103 cub, care este utilizat pe scar\u0103 larg\u0103 pentru prepararea de cocktailuri \u0219i r\u0103cirea b\u0103uturilor \u00een baruri \u0219i restaurante cu trafic redus. Clasa climatic\u0103 T a echipamentului (+43\u00b0C) permite o productivitate ridicat\u0103 indiferent de perioada anului. U\u0219or de \u00eentre\u021binut \u0219i gestionat.<\/p>\n<p>Caracteristici<br \/>\nForma ghe\u021bii: cub<br \/>\nProductivitate: 46 kg\/zi<br \/>\nCub: 35x31x31 mm, 17gr.<br \/>\nTip de r\u0103cire: pe ap\u0103<br \/>\nCo\u0219 de ghea\u021b\u0103: Da<br \/>\nCapacitate bunc\u0103r: 25 kg<br \/>\nConsum de ap\u0103: 18 l\/kg<br \/>\nTip de agent frigorific: R452a<br \/>\nPutere: 0,46 kW<br \/>\nTensiune: 220 V<br \/>\nGreutate neta: 46 kg<br \/>\nGreutate bruta: 55 kg<br \/>\nDimensiuni: 497x592x797\/(947 cu picioare) mm<br \/>\nTemperatura mediului +10 \/ +43\u00b0C<br \/>\nTemperatura apei +3 \/ +32\u00b0C<br \/>\nPresiunea apei: 1 bar (14 psi) \/ 6 bar (84 psi)<br \/>\nCarcasa din otel inoxidabil<br \/>\nEchipat cu control electromecanic<br \/>\nSuprafe\u021be interioare rotunjite u\u0219or de cur\u0103\u021bat<br \/>\nPicioare din o\u021bel inoxidabil<\/p>\n","protected":false},"excerpt":{"rendered":"<p>Masina de produs gheata. Forma ghe\u021bii: cub; Productivitate: 46 kg\/zi; Cub: 35x31x31 mm, 17gr.; Tip de r\u0103cire: pe ap\u0103; Co\u0219 de ghea\u021b\u0103: Da; Capacitate bunc\u0103r: 25 kg; Consum de ap\u0103: 18 l\/kg; Tip de agent frigorific: R452a; Putere: 0,46 kW; Tensiune: 220 V; Greutate neta: 46 kg; Greutate bruta: 55 kg; Dimensiuni: 497x592x797\/(947 cu picioare) mm; Temperatura mediului +10 \/ +43\u00b0C; Temperatura apei +3 \/ +32\u00b0C; Presiunea apei: 1 bar (14 psi) \/ 6 bar (84 psi); Carcasa din otel inoxidabil; Echipat cu control electromecanic; Suprafe\u021be interioare rotunjite u\u0219or de cur\u0103\u021bat; Picioare din o\u021bel inoxidabil.<\/p>\n","protected":false},"featured_media":41106,"template":"","meta":[],"_links":{"self":[{"href":"https:\/\/evotek.md\/ro\/wp-json\/wp\/v2\/product\/41103"}],"collection":[{"href":"https:\/\/evotek.md\/ro\/wp-json\/wp\/v2\/product"}],"about":[{"href":"https:\/\/evotek.md\/ro\/wp-json\/wp\/v2\/types\/product"}],"wp:featuredmedia":[{"embeddable":true,"href":"https:\/\/evotek.md\/ro\/wp-json\/wp\/v2\/media\/41106"}],"wp:attachment":[{"href":"https:\/\/evotek.md\/ro\/wp-json\/wp\/v2\/media?parent=41103"}],"curies":[{"name":"wp","href":"https:\/\/api.w.org\/{rel}","templated":true}]}}